{"id":88,"date":"2020-11-30T20:28:23","date_gmt":"2020-11-30T19:28:23","guid":{"rendered":"http:\/\/entremotsetdessins.art\/?page_id=88"},"modified":"2021-01-03T19:19:01","modified_gmt":"2021-01-03T18:19:01","slug":"cuentos","status":"publish","type":"page","link":"https:\/\/entremotsetdessins.art\/?page_id=88&lang=es","title":{"rendered":"Cuentos"},"content":{"rendered":"\n<p><strong>Cuentos para ni\u00f1os<\/strong><\/p>\n\n\n\n<ul><li><a href=\"http:\/\/entremotsetdessins.art\/?page_id=260\" data-type=\"page\" data-id=\"260\">Kantin<\/a> (En franc\u00e9s) <\/li><li><a href=\"http:\/\/entremotsetdessins.art\/?page_id=286\" data-type=\"page\" data-id=\"286\">Romeo, le prince charmant <\/a>( Romeo, el pr\u00edncipe azul. En franc\u00e9s)<\/li><li><a href=\"http:\/\/entremotsetdessins.art\/?page_id=292\" data-type=\"page\" data-id=\"292\">Estela et le royaume<\/a> (Estela y el reino. En franc\u00e9s)<\/li><li><a href=\"http:\/\/entremotsetdessins.art\/?page_id=296\" data-type=\"page\" data-id=\"296\">Les fils magiques<\/a> (Los hilos m\u00e1gicos. En franc\u00e9s)<\/li><\/ul>\n\n\n\n<p><strong>Otros cuentos<\/strong> <\/p>\n\n\n\n<ul><li><a href=\"http:\/\/entremotsetdessins.art\/?page_id=266\" data-type=\"page\" data-id=\"266\">Le pays du caf\u00e9<\/a> (El pa\u00eds del caf\u00e9. En franc\u00e9s) <\/li><li><a href=\"http:\/\/entremotsetdessins.art\/?page_id=270\" data-type=\"page\" data-id=\"270\">Tania marquise de Saman\u00e1- Tania Marquesa de Saman\u00e1<\/a> (En franc\u00e9s y en castellano)<\/li><\/ul>\n","protected":false},"excerpt":{"rendered":"<p>Cuentos para ni\u00f1os Kantin (En franc\u00e9s) Romeo, le prince charmant ( Romeo, el pr\u00edncipe azul. En franc\u00e9s) Estela et le royaume (Estela y el reino. En franc\u00e9s) Les fils magiques (Los hilos m\u00e1gicos. En franc\u00e9s) Otros cuentos Le pays du caf\u00e9 (El pa\u00eds del caf\u00e9. En franc\u00e9s) Tania marquise de Saman\u00e1- Tania Marquesa de Saman\u00e1 [&hellip;]<\/p>\n","protected":false},"author":1,"featured_media":0,"parent":0,"menu_order":0,"comment_status":"closed","ping_status":"closed","template":"","meta":[],"_links":{"self":[{"href":"https:\/\/entremotsetdessins.art\/index.php?rest_route=\/wp\/v2\/pages\/88"}],"collection":[{"href":"https:\/\/entremotsetdessins.art\/index.php?rest_route=\/wp\/v2\/pages"}],"about":[{"href":"https:\/\/entremotsetdessins.art\/index.php?rest_route=\/wp\/v2\/types\/page"}],"author":[{"embeddable":true,"href":"https:\/\/entremotsetdessins.art\/index.php?rest_route=\/wp\/v2\/users\/1"}],"replies":[{"embeddable":true,"href":"https:\/\/entremotsetdessins.art\/index.php?rest_route=%2Fwp%2Fv2%2Fcomments&post=88"}],"version-history":[{"count":11,"href":"https:\/\/entremotsetdessins.art\/index.php?rest_route=\/wp\/v2\/pages\/88\/revisions"}],"predecessor-version":[{"id":300,"href":"https:\/\/entremotsetdessins.art\/index.php?rest_route=\/wp\/v2\/pages\/88\/revisions\/300"}],"wp:attachment":[{"href":"https:\/\/entremotsetdessins.art\/index.php?rest_route=%2Fwp%2Fv2%2Fmedia&parent=88"}],"curies":[{"name":"wp","href":"https:\/\/api.w.org\/{rel}","templated":true}]}}