{"id":36,"date":"2020-11-15T19:13:46","date_gmt":"2020-11-15T18:13:46","guid":{"rendered":"http:\/\/entremotsetdessins.art\/?page_id=36"},"modified":"2020-12-13T20:27:04","modified_gmt":"2020-12-13T19:27:04","slug":"poemes","status":"publish","type":"page","link":"https:\/\/entremotsetdessins.art\/?page_id=36","title":{"rendered":"Po\u00e8mes"},"content":{"rendered":"\n<ul><li><a href=\"http:\/\/entremotsetdessins.art\/?page_id=117\" data-type=\"page\" data-id=\"117\">Elle est l\u00e0 \/ All\u00ed est\u00e1<\/a> (Fran\u00e7ais et Espagnol)<\/li><li><a href=\"http:\/\/entremotsetdessins.art\/?page_id=113\" data-type=\"page\" data-id=\"113\">La goutte \/ La gota<\/a> (Fran\u00e7ais et Espagnol)<\/li><li><a href=\"http:\/\/entremotsetdessins.art\/?page_id=143\" data-type=\"page\" data-id=\"143\">R\u00eaves d\u2019hier<\/a> (Fran\u00e7ais)<\/li><li><a href=\"http:\/\/entremotsetdessins.art\/?page_id=151\" data-type=\"page\" data-id=\"151\">Les \u00e9toiles et les ast\u00e9ro\u00efdes<\/a> (Fran\u00e7ais)<\/li><li><a href=\"http:\/\/entremotsetdessins.art\/?page_id=168\" data-type=\"page\" data-id=\"168\">La mecedora \/ La chaise ber\u00e7ante<\/a> (Espagnol et Fran\u00e7ais)<\/li><li><a href=\"http:\/\/entremotsetdessins.art\/?page_id=188\" data-type=\"page\" data-id=\"188\">Cruce de caminos \/ Croisements<\/a> (Espagnol et Fran\u00e7ais) <\/li><li><a href=\"http:\/\/entremotsetdessins.art\/?page_id=198\" data-type=\"page\" data-id=\"198\">Le sentier du demain \/ El sendero del ma\u00f1ana<\/a> (Fran\u00e7ais et Espagnol)<\/li><li><a href=\"http:\/\/entremotsetdessins.art\/?page_id=221\" data-type=\"page\" data-id=\"221\">Le vol de la mouette<\/a> (Fran\u00e7ais)<\/li><li><a href=\"http:\/\/entremotsetdessins.art\/?page_id=225\" data-type=\"page\" data-id=\"225\">L&#8217;enfant<\/a> (Fran\u00e7ais)<\/li><li><a href=\"http:\/\/entremotsetdessins.art\/?page_id=232\" data-type=\"page\" data-id=\"232\">L&#8217;\u00e9trang\u00e8re<\/a> (Fran\u00e7ais)<\/li><li><a href=\"http:\/\/entremotsetdessins.art\/?page_id=236\" data-type=\"page\" data-id=\"236\">Trafiquant de mots<\/a> (Fran\u00e7ais)<\/li><\/ul>\n\n\n\n<p><\/p>\n","protected":false},"excerpt":{"rendered":"<p>Elle est l\u00e0 \/ All\u00ed est\u00e1 (Fran\u00e7ais et Espagnol) La goutte \/ La gota (Fran\u00e7ais et Espagnol) R\u00eaves d\u2019hier (Fran\u00e7ais) Les \u00e9toiles et les ast\u00e9ro\u00efdes (Fran\u00e7ais) La mecedora \/ La chaise ber\u00e7ante (Espagnol et Fran\u00e7ais) Cruce de caminos \/ Croisements (Espagnol et Fran\u00e7ais) Le sentier du demain \/ El sendero del ma\u00f1ana (Fran\u00e7ais et Espagnol) [&hellip;]<\/p>\n","protected":false},"author":1,"featured_media":0,"parent":0,"menu_order":0,"comment_status":"closed","ping_status":"closed","template":"","meta":[],"_links":{"self":[{"href":"https:\/\/entremotsetdessins.art\/index.php?rest_route=\/wp\/v2\/pages\/36"}],"collection":[{"href":"https:\/\/entremotsetdessins.art\/index.php?rest_route=\/wp\/v2\/pages"}],"about":[{"href":"https:\/\/entremotsetdessins.art\/index.php?rest_route=\/wp\/v2\/types\/page"}],"author":[{"embeddable":true,"href":"https:\/\/entremotsetdessins.art\/index.php?rest_route=\/wp\/v2\/users\/1"}],"replies":[{"embeddable":true,"href":"https:\/\/entremotsetdessins.art\/index.php?rest_route=%2Fwp%2Fv2%2Fcomments&post=36"}],"version-history":[{"count":19,"href":"https:\/\/entremotsetdessins.art\/index.php?rest_route=\/wp\/v2\/pages\/36\/revisions"}],"predecessor-version":[{"id":256,"href":"https:\/\/entremotsetdessins.art\/index.php?rest_route=\/wp\/v2\/pages\/36\/revisions\/256"}],"wp:attachment":[{"href":"https:\/\/entremotsetdessins.art\/index.php?rest_route=%2Fwp%2Fv2%2Fmedia&parent=36"}],"curies":[{"name":"wp","href":"https:\/\/api.w.org\/{rel}","templated":true}]}}