{"id":35,"date":"2020-11-15T19:13:46","date_gmt":"2020-11-15T18:13:46","guid":{"rendered":"http:\/\/entremotsetdessins.art\/?page_id=35"},"modified":"2021-01-03T19:15:48","modified_gmt":"2021-01-03T18:15:48","slug":"contes","status":"publish","type":"page","link":"https:\/\/entremotsetdessins.art\/?page_id=35","title":{"rendered":"Contes"},"content":{"rendered":"\n<p><strong>Contes pour enfants<\/strong><\/p>\n\n\n\n<ul><li><a href=\"http:\/\/entremotsetdessins.art\/?page_id=260\" data-type=\"page\" data-id=\"260\">Kantin<\/a><\/li><li><a href=\"http:\/\/entremotsetdessins.art\/?page_id=286\" data-type=\"page\" data-id=\"286\">Romeo, le prince charmant<\/a><\/li><li><a href=\"http:\/\/entremotsetdessins.art\/?page_id=292\" data-type=\"page\" data-id=\"292\">Estela et le royaume<\/a><\/li><li><a href=\"http:\/\/entremotsetdessins.art\/?page_id=296\" data-type=\"page\" data-id=\"296\">Les fils magiques<\/a><\/li><\/ul>\n\n\n\n<p><strong>Autres contes<\/strong><\/p>\n\n\n\n<ul><li><a href=\"http:\/\/entremotsetdessins.art\/?page_id=266\" data-type=\"page\" data-id=\"266\">Le pays du caf\u00e9<\/a><\/li><li><a href=\"http:\/\/entremotsetdessins.art\/?page_id=270\" data-type=\"page\" data-id=\"270\">Tania marquise de Saman\u00e1- Tania Marquesa de Saman\u00e1<\/a> (En fran\u00e7ais et en espagnol)<\/li><\/ul>\n","protected":false},"excerpt":{"rendered":"<p>Contes pour enfants Kantin Romeo, le prince charmant Estela et le royaume Les fils magiques Autres contes Le pays du caf\u00e9 Tania marquise de Saman\u00e1- Tania Marquesa de Saman\u00e1 (En fran\u00e7ais et en espagnol)<\/p>\n","protected":false},"author":1,"featured_media":0,"parent":0,"menu_order":0,"comment_status":"closed","ping_status":"closed","template":"","meta":[],"_links":{"self":[{"href":"https:\/\/entremotsetdessins.art\/index.php?rest_route=\/wp\/v2\/pages\/35"}],"collection":[{"href":"https:\/\/entremotsetdessins.art\/index.php?rest_route=\/wp\/v2\/pages"}],"about":[{"href":"https:\/\/entremotsetdessins.art\/index.php?rest_route=\/wp\/v2\/types\/page"}],"author":[{"embeddable":true,"href":"https:\/\/entremotsetdessins.art\/index.php?rest_route=\/wp\/v2\/users\/1"}],"replies":[{"embeddable":true,"href":"https:\/\/entremotsetdessins.art\/index.php?rest_route=%2Fwp%2Fv2%2Fcomments&post=35"}],"version-history":[{"count":10,"href":"https:\/\/entremotsetdessins.art\/index.php?rest_route=\/wp\/v2\/pages\/35\/revisions"}],"predecessor-version":[{"id":298,"href":"https:\/\/entremotsetdessins.art\/index.php?rest_route=\/wp\/v2\/pages\/35\/revisions\/298"}],"wp:attachment":[{"href":"https:\/\/entremotsetdessins.art\/index.php?rest_route=%2Fwp%2Fv2%2Fmedia&parent=35"}],"curies":[{"name":"wp","href":"https:\/\/api.w.org\/{rel}","templated":true}]}}