{"id":296,"date":"2021-01-03T19:15:16","date_gmt":"2021-01-03T18:15:16","guid":{"rendered":"http:\/\/entremotsetdessins.art\/?page_id=296"},"modified":"2021-01-03T19:15:16","modified_gmt":"2021-01-03T18:15:16","slug":"les-fils-magiques","status":"publish","type":"page","link":"https:\/\/entremotsetdessins.art\/?page_id=296","title":{"rendered":"Les fils magiques"},"content":{"rendered":"\n<p>La petite fille cherchait Julia partout. Elle ne savait pas comment c\u2019\u00e9tait arriv\u00e9. Elle a vu les fils noirs trainant par terre, \u00e0 peine attach\u00e9s \u00e0 ses chaussures. &nbsp;Zut&nbsp;!! Encore d\u00e9cousu elle s\u2019est dit. Et voil\u00e0 que Julia avait profit\u00e9 de l\u2019occasion&nbsp; pour s\u2019\u00e9chapper. Elle l\u2019a vu partir en vitesse et se perdre dans le bois. Elle se demandait o\u00f9 Julia pourrait \u00eatre cach\u00e9e quand elle a vu son voisin, Pierre, courir dans le bois comme s\u2019il cherchait quelqu\u2019un aussi.<\/p>\n\n\n\n<p>La petite fille \u00e9tait arriv\u00e9e en France quand elle \u00e9tait encore plus, mais beaucoup plus petite. La nouvelle maison lui avait plu imm\u00e9diatement. Il faut pr\u00e9ciser qu\u2019elle \u00e9tait tr\u00e8s facile \u00e0 combler, tout lui allait bien, le franc sourire de sa m\u00e8re \u00e9tait suffisant pour effacer ses larmes. Un peu plus dur a \u00e9t\u00e9 l\u2019entr\u00e9e \u00e0 l\u2019\u00e9cole. Elle commen\u00e7ait sa sixi\u00e8me dans un nouveau village, avec une autre langue, avec d\u2019autres enfants qui se connaissent d\u00e9j\u00e0 de l\u2019ann\u00e9e derni\u00e8re. Mais elle n\u2019avait pas peur, un peu de timidit\u00e9 peut \u00eatre et un peu de manque de confiance en elle. Fille unique, petite fille unique, elle n\u2019avait re\u00e7u que des compliments dans sa vie et parfois c\u2019\u00e9tait dur \u00e0 comprendre si un enfant refusait de jouer avec elle. Comment accepter un non carr\u00e9ment dit quand on invite quelqu\u2019un \u00e0 jouer dans le sable, petite pelle en main&nbsp;?<\/p>\n\n\n\n<p>Pierre fut le premier, bon, plut\u00f4t le seul qui lui adressait la parole \u00e0 l\u2019\u00e9cole. Il l\u2019avait aid\u00e9e avec les devoirs de math\u00e9matiques. Elle \u00e9tait tr\u00e8s forte en math\u00e9matiques mais la plupart des fois les \u00e9nonc\u00e9s de probl\u00e8mes se pr\u00eataient \u00e0 confusion, question de langue. Pierre \u00e9tait l\u00e0 pour lui expliquer comme les r\u00e9soudre. Elle n\u2019avait pas encore os\u00e9 lui dire que, une fois l\u2019\u00e9nonc\u00e9 compris elle savait comment faire. Leur conversation s\u2019arr\u00eatait dans les explications de probl\u00e8mes de math\u00e9matiques, qui myst\u00e9rieusement devenaient chaque fois plus difficiles \u00e0 comprendre, m\u00eame si la petite apprenait \u00e0 une vitesse remarquable la langue. Pierre \u00e9tait arriv\u00e9 vite \u00e0 la conclusion que vraiment elle avait besoin d\u2019aide en math\u00e9matiques.<\/p>\n\n\n\n<p>En regardant Pierre dans le bois elle s\u2019est demand\u00e9 comment faire pour essayer d\u2019entamer une conversation avec lui en dehors des probl\u00e8mes de maths\u00a0! Mais pour le moment ses pens\u00e9es \u00e9taient concentr\u00e9es sur Julia.\u00a0 Elle est arriv\u00e9e enfin \u00e0 l\u2019attraper, ou bien, maintenant qu\u2019elle r\u00e9fl\u00e9chit tranquillement, Julia a d\u00fb penser que c\u2019\u00e9tait le moment pour se laisser prendre. La fille s\u2019est assisse sur un grand tronc d\u2019arbre, et tenait Julia par ses pieds. Heureusement elle avait \u00e0 la main les fils noirs magiques et la petit aiguille invisible. Julia n\u2019avait pas d\u2019\u00e9chappatoire.<\/p>\n\n\n\n<p>Pratiquement au m\u00eame moment Pierre s\u2019est assis \u00e0 c\u00f4t\u00e9. Il avait aussi ses fils noirs. Son ombre, avait arr\u00eat\u00e9 de jouer au cache-cache avec lui pour venir tranquillement se mettre \u00e0 c\u00f4t\u00e9 de Julia, l\u2019ombre de Julia, la petite amie de Pierre. Pour \u00e9viter des malentendus, les enfants appellent leurs ombres avec leurs propres pr\u00e9noms&nbsp;!! &nbsp;<\/p>\n\n\n\n<p>Pierre a regard\u00e9 Julia timidement, Julia lui a fait un grand sourire. Pierre se rappelle bien, il pourra m\u00eame jurer aujourd\u2019hui les ann\u00e9es pass\u00e9es, que son ombre a fait le premier pas. Mais bon en tout cas, s\u00fbrement c\u2019\u00e9tait son ombre qui a fait&nbsp; le premier mouvement et sa main droite est venue se poser sur la main gauche de Julia.<\/p>\n\n\n\n<p>Julia et Pierre racontent cette histoire \u00e0 leur petite fille, qui les yeux grands ouverts les \u00e9coute presque sans bouger. L\u2019histoire finie elle part courir dans le bois, son ombre bien attach\u00e9e \u00e0 ses pieds et les petites aguilles dans sa poche. On ne sait jamais. &nbsp;&nbsp;<\/p>\n\n\n\n<p><\/p>\n\n\n\n<p><\/p>\n\n\n\n<p><\/p>\n","protected":false},"excerpt":{"rendered":"<p>La petite fille cherchait Julia partout. Elle ne savait pas comment c\u2019\u00e9tait arriv\u00e9. Elle a vu les fils noirs trainant par terre, \u00e0 peine attach\u00e9s \u00e0 ses chaussures. &nbsp;Zut&nbsp;!! Encore d\u00e9cousu elle s\u2019est dit. Et voil\u00e0 que Julia avait profit\u00e9 de l\u2019occasion&nbsp; pour s\u2019\u00e9chapper. Elle l\u2019a vu partir en vitesse et se perdre dans le [&hellip;]<\/p>\n","protected":false},"author":1,"featured_media":0,"parent":0,"menu_order":0,"comment_status":"closed","ping_status":"closed","template":"","meta":[],"_links":{"self":[{"href":"https:\/\/entremotsetdessins.art\/index.php?rest_route=\/wp\/v2\/pages\/296"}],"collection":[{"href":"https:\/\/entremotsetdessins.art\/index.php?rest_route=\/wp\/v2\/pages"}],"about":[{"href":"https:\/\/entremotsetdessins.art\/index.php?rest_route=\/wp\/v2\/types\/page"}],"author":[{"embeddable":true,"href":"https:\/\/entremotsetdessins.art\/index.php?rest_route=\/wp\/v2\/users\/1"}],"replies":[{"embeddable":true,"href":"https:\/\/entremotsetdessins.art\/index.php?rest_route=%2Fwp%2Fv2%2Fcomments&post=296"}],"version-history":[{"count":1,"href":"https:\/\/entremotsetdessins.art\/index.php?rest_route=\/wp\/v2\/pages\/296\/revisions"}],"predecessor-version":[{"id":297,"href":"https:\/\/entremotsetdessins.art\/index.php?rest_route=\/wp\/v2\/pages\/296\/revisions\/297"}],"wp:attachment":[{"href":"https:\/\/entremotsetdessins.art\/index.php?rest_route=%2Fwp%2Fv2%2Fmedia&parent=296"}],"curies":[{"name":"wp","href":"https:\/\/api.w.org\/{rel}","templated":true}]}}