{"id":292,"date":"2021-01-03T19:10:46","date_gmt":"2021-01-03T18:10:46","guid":{"rendered":"http:\/\/entremotsetdessins.art\/?page_id=292"},"modified":"2021-01-03T19:10:47","modified_gmt":"2021-01-03T18:10:47","slug":"estela-et-le-royaume","status":"publish","type":"page","link":"https:\/\/entremotsetdessins.art\/?page_id=292","title":{"rendered":"Estela et le royaume"},"content":{"rendered":"\n<p>C\u2019\u00e9tait sans aucun doute le chaos, le chaos complet. Quelqu\u2019un devait mettre de l\u2019ordre, pardi&nbsp;! Les choses ne pouvaient pas continuer comme \u00e7a.&nbsp; Monsieur Leroi se baladait impatient de droite \u00e0 gauche, de haut en bas, tournait en rond, souriait, criait, pleurait. L\u2019assembl\u00e9e restait immobile. Personne n\u2019osait parler. Tous savaient bien que dans cette situation critique le plus sage \u00e9tait de rester en silence et attendre, et attendre. Attendre surtout que monsieur Leroi se calme.<\/p>\n\n\n\n<p>Le drame existentiel s\u2019explique tout simplement. La lumi\u00e8re n\u2019arrivait plus au royaume. Comme si un dieu mal\u00e9fique avec des pouvoirs infinis l\u2019aurait stopp\u00e9e \u00e0 jamais.&nbsp; Que faire dans cette situation critique, personne ne le savait. C\u2019\u00e9tait la premi\u00e8re fois que pendant de journ\u00e9es enti\u00e8res une telle calamit\u00e9 arrivait. Inutile de regarder dans le gros livre des anc\u00eatres, aux caract\u00e8res parfois difficiles \u00e0 d\u00e9chiffrer ou deviner, qui comptait d\u00e9j\u00e0 deux millions et un page.&nbsp; La derni\u00e8re, de seulement deux lignes, racontait justement l\u2019\u00e9v\u00e8nement qui nous occupe. Rien, rien, mais absolument rien, m\u00eame pas une piste, pas une solution envisageable. L\u2019assembl\u00e9e enti\u00e8re avait pass\u00e9 des mois \u00e0 lire et \u00e0 relire. On pouvait d\u00e9terrer du vieux livre des astuces pour trouver de la nourriture dans les endroits les plus obscurs et insolites jusqu\u2019au rem\u00e8de pour recoudre avec des morceaux d\u2019\u00e9pines une nappe d\u00e9chir\u00e9e. Chose qui ne servait \u00e0 rien car les habitants du royaume n\u2019utilisent pas de nappe pour manger, et ils se demandent m\u00eame si dans un temps trop lointain \u00e7a avait \u00e9t\u00e9 l\u2019habitude. Ils ont fini par d\u00e9duire que la visite d\u2019un \u00e9tranger avait occasionn\u00e9 ce type de perturbation dans les m\u0153urs locales, rapidement disparue une fois l\u2019\u00e9tranger parti. &nbsp;<\/p>\n\n\n\n<p>Estela habitait la r\u00e9gion depuis longtemps, tellement longtemps qu\u2019elle ne se rappelait pas si elle venait d\u2019ailleurs ou si elle avait v\u00e9cu toujours l\u00e0. Peu lui importait, car de toutes fa\u00e7ons elle savait que jamais elle ne pourrait la quitter. Seulement le fait d\u2019aller chanter t\u00f4t le matin pr\u00e8s de la rivi\u00e8re, caresser les eaux tranquilles, parler avec les fleurs sauvages et saluer les petits habitants des eaux profondes la remplissait de bonheur. Elle aimait la vie, sa grand-m\u00e8re l\u2019adorait et lui disait toujours qu\u2019elle venait d\u2019un monde magique, plein de tendresse et d\u2019amour et que son pr\u00e9nom venait d\u2019\u00e9toile, car partout o\u00f9 elle passait elle irradiait de la lumi\u00e8re.<\/p>\n\n\n\n<p>Le petit Corentin connaissait bien Estela. Il lui arrivait de faire des kilom\u00e8tres pour venir la saluer et discuter d\u2019une chose ou d\u2019autre. Comme premier ministre du royaume il devait trouver la solution \u00e0 tous les probl\u00e8mes. Monsieur Leroi comptait beaucoup sur lui. Il \u00e9tait l\u00e0 pour les choses les plus simples comme organiser la f\u00eate pour les trois millions d\u2019habitants du royaume et pr\u00e9parer le discours, au plus difficiles comme proposer quels habits allait utiliser Monsieur Leroi pour un tel \u00e9v\u00e8nement.&nbsp;&nbsp;<\/p>\n\n\n\n<p>Pendant beaucoup de temps les habitants du royaume ont cru que le pr\u00e9nom Corentin venait de \u00ab&nbsp;corriente&nbsp;\u00bb courant d\u2019eau, et \u00e7a collait \u00e0 merveille avec le personnage car le petit Corentin se laisse tr\u00e8s souvent porter par le courant quand il s\u2019agissait de prendre une d\u00e9cision importante.&nbsp; Grande a \u00e9t\u00e9 la surprise quand plus tard ils ont su, gr\u00e2ce \u00e0 la sagesse du grand livre du royaume, que Corentin voulait dire ouragan. En r\u00e9fl\u00e9chissant cette interpr\u00e9tation du pr\u00e9nom lui allait aussi bien car tous les habitants se rappellent encore la folie occasionn\u00e9e quand Corentin avait d\u00e9cid\u00e9 de faire briller dans la nuit le plus possible tous les coins du royaume pour la f\u00eate d\u2019anniversaire de Monsieur Leroi. Il avait ordonn\u00e9 de chercher des pierres transparentes, des flocons perdus, enfin, toute chose qui suspendue dans l\u2019air pouvait faire danser la lumi\u00e8re. Le r\u00e9sultat fut terrible&nbsp;: Corentin n\u2019avait pas pr\u00e9vu que la lune \u00e9tait nouvelle et que la seule source de lumi\u00e8re du royaume sont la lune et le soleil. &nbsp;<\/p>\n\n\n\n<p>Estela avait bien la t\u00eate sur les \u00e9paules et elle donnait toujours de bons conseils. Corantin n\u2019a pas pu s\u2019emp\u00eacher de lui raconter le probl\u00e8me du manque de lumi\u00e8re du royaume qui pouvait terminer avec l\u2019exode de tous ses habitants vers une autre r\u00e9gion. Monsieur Leroi et toute l\u2019assembl\u00e9e \u00e9taient litt\u00e9ralement d\u00e9sesp\u00e9r\u00e9s.&nbsp;<\/p>\n\n\n\n<p>Estela a discut\u00e9 avec sa grand-m\u00e8re et a r\u00e9fl\u00e9chi toute la nuit. Le lendemain, tr\u00e8s t\u00f4t, avant que le soleil ne se l\u00e8ve, elle est arriv\u00e9e au bord de la rivi\u00e8re, elle s\u2019est perdue dans les eaux dansantes et elle a disparu en jouant avec les petits poissons du royaume.<\/p>\n\n\n\n<p>\u00c0 l\u2019endroit o\u00f9 Estela a disparu, on a trouv\u00e9 une fleur d\u2019irup\u00e9 g\u00e9ante, magnifique, jamais vue.&nbsp; Les riverains, habitu\u00e9s \u00e0 fr\u00e9quenter l\u2019endroit ont jur\u00e9 qu\u2019elle n\u2019\u00e9tait pas l\u00e0 la veille. Il semblait que toute la lumi\u00e8re du soleil entrait dans la fleur pour se r\u00e9fugier dans les eaux profondes de la rivi\u00e8re.&nbsp; Ils racontent encore que cette rivi\u00e8re a des pouvoirs insoup\u00e7onnables.<\/p>\n","protected":false},"excerpt":{"rendered":"<p>C\u2019\u00e9tait sans aucun doute le chaos, le chaos complet. Quelqu\u2019un devait mettre de l\u2019ordre, pardi&nbsp;! Les choses ne pouvaient pas continuer comme \u00e7a.&nbsp; Monsieur Leroi se baladait impatient de droite \u00e0 gauche, de haut en bas, tournait en rond, souriait, criait, pleurait. L\u2019assembl\u00e9e restait immobile. Personne n\u2019osait parler. Tous savaient bien que dans cette situation [&hellip;]<\/p>\n","protected":false},"author":1,"featured_media":0,"parent":0,"menu_order":0,"comment_status":"closed","ping_status":"closed","template":"","meta":[],"_links":{"self":[{"href":"https:\/\/entremotsetdessins.art\/index.php?rest_route=\/wp\/v2\/pages\/292"}],"collection":[{"href":"https:\/\/entremotsetdessins.art\/index.php?rest_route=\/wp\/v2\/pages"}],"about":[{"href":"https:\/\/entremotsetdessins.art\/index.php?rest_route=\/wp\/v2\/types\/page"}],"author":[{"embeddable":true,"href":"https:\/\/entremotsetdessins.art\/index.php?rest_route=\/wp\/v2\/users\/1"}],"replies":[{"embeddable":true,"href":"https:\/\/entremotsetdessins.art\/index.php?rest_route=%2Fwp%2Fv2%2Fcomments&post=292"}],"version-history":[{"count":1,"href":"https:\/\/entremotsetdessins.art\/index.php?rest_route=\/wp\/v2\/pages\/292\/revisions"}],"predecessor-version":[{"id":293,"href":"https:\/\/entremotsetdessins.art\/index.php?rest_route=\/wp\/v2\/pages\/292\/revisions\/293"}],"wp:attachment":[{"href":"https:\/\/entremotsetdessins.art\/index.php?rest_route=%2Fwp%2Fv2%2Fmedia&parent=292"}],"curies":[{"name":"wp","href":"https:\/\/api.w.org\/{rel}","templated":true}]}}