{"id":270,"date":"2020-12-21T15:23:10","date_gmt":"2020-12-21T14:23:10","guid":{"rendered":"http:\/\/entremotsetdessins.art\/?page_id=270"},"modified":"2020-12-21T15:26:57","modified_gmt":"2020-12-21T14:26:57","slug":"tania-marquise-de-samana","status":"publish","type":"page","link":"https:\/\/entremotsetdessins.art\/?page_id=270","title":{"rendered":"Tania Marquise de Saman\u00e1"},"content":{"rendered":"\n<p>Tout commence il y a longtemps, dans les ann\u00e9es mille huit cents dans la ville de Saman\u00e1, dans la p\u00e9ninsule de Saman\u00e1. C\u2019est l\u00e0 o\u00f9 Juan Isidro est n\u00e9 et o\u00f9 il a acquis, on ne se rappelle pas bien comment ni dans quelles circonstances, le titre de Marquis. Il faut surtout d\u2019abord remarquer qu\u2019il \u00e9tait respect\u00e9 et aim\u00e9 dans la r\u00e9gion et consid\u00e9r\u00e9 comme un homme juste et charitable.&nbsp; Il poss\u00e9dait, on pourra le dire sans exag\u00e9ration, les terres de toute la p\u00e9ninsule.<\/p>\n\n\n\n<p>La p\u00e9ninsule de Saman\u00e1, dans la r\u00e9publique Dominicaine, est une r\u00e9gion pleine de merveilles naturelles, qui compte encore de nos jours quelques-unes des remarquables plages vierges. Un vrai paradis o\u00f9 les eaux turquoise se fondent parfaitement avec le sable blanc. Un endroit o\u00f9 vous pouvez vous perdre au beau milieu d\u2019une v\u00e9g\u00e9tation exub\u00e9rante en n\u2019entendant que votre respiration et les chants des oiseaux. Un paradis sur terre, tout simplement.<\/p>\n\n\n\n<p>Juan Isidro s\u2019est mari\u00e9 \u00e0 \u00d1a Dolores. Il parait que \u00f1a, do\u00f1a, vient de donna en italien. Il est bien connu que les hispanophones d\u2019Am\u00e9rique n\u2019aiment pas trop les doubles consonnes. Ils ont d\u2019abord enlev\u00e9 le n de trop et pour faire joli et mettre un peu de style rococo ils ont ajout\u00e9 le tilde. Finalement pour raccourcir, car ils sont un peu fain\u00e9ants, ils utilisent seulement \u00d1a.&nbsp;<\/p>\n\n\n\n<p>Comme le raconte Garc\u00eda M\u00e1rquez dans <em>Cent ans de solitude<\/em>&nbsp;&#8211; et il faut reconnaitre que c\u2019est une r\u00e9alit\u00e9 et non une marque de style de l\u2019auteur&nbsp;&#8211; dans la r\u00e9gion de Saman\u00e1 il y avait aussi l\u2019habitude d\u2019appeler tout le monde avec le m\u00eame pr\u00e9nom. Et cela de g\u00e9n\u00e9ration en g\u00e9n\u00e9ration, de p\u00e8re en fils et de m\u00e8re en fille. M\u00eame dans ma famille, j\u2019avais cinq grand-tantes qui s\u2019appelaient Carmen. Pour les distinguer ma m\u00e8re disait : ma tante Carmen de mon grand-oncle Pepito. Pepito \u00e9tait le surnom de son grand-oncle Vicente, surnomm\u00e9 Pepito pour ne pas confondre avec son cousin Vicente, et donc aussi grand-oncle de ma m\u00e8re, qui \u00e9videment avait aussi une fille nomm\u00e9 Carmen.<\/p>\n\n\n\n<p>Dans la r\u00e9gion de Saman\u00e1, en tout cas dans la famille qui nous concerne, l\u2019habitude n\u2019\u00e9tait pas de donner des surnoms, c\u2019\u00e9tait trop familier et vulgaire. Le fils de Juan Isidro s\u2019appelait Juan Isidro de la Vega et son fils Juan Isidro de la Barria. Jusqu\u2019\u00e0 ce que nous arrivions en 1900. L\u2019arri\u00e8re-petit-fils de Juan Isidro s\u2019appelle Domingo et la grande fille de Domingo (on pense qu\u2019il a eu plusieurs enfants), s\u2019appelle Tania.<\/p>\n\n\n\n<p>Presque tous les hommes de la famille se sont d\u00e9di\u00e9s \u00e0 fond \u00e0 la politique.&nbsp; Malheureusement je n\u2019ai pas pu avoir de renseignements complets sur leur tendance politique. Mais le fait que Juan Isidro \u00e9tait tant aim\u00e9 par le peuple de Saman\u00e1, et quelques points que nous allons d\u00e9couvrir plus tard, nous laisseront d\u00e9duire qu\u2019ils avaient en g\u00e9n\u00e9ral des id\u00e9es progressistes.<\/p>\n\n\n\n<p>C\u2019est Eulagia, ma voisine, qui m\u2019a racont\u00e9 toute cette histoire. J\u2019ai connu Eulagia pendant le premier confinement du au covid19. Malgr\u00e9 qu\u2019elle habite presque \u00e0 c\u00f4t\u00e9 de chez moi je ne l\u2019avais jamais crois\u00e9e. Tout cette histoire de virus a bien chang\u00e9 les habitudes des gens. Moi qui sortais t\u00f4t le matin, qui revenais tard le soir du travail, qui me tapais plus d\u2019une heure de trajet, qui courrais les week-ends aux supermarch\u00e9 vite fait pour faire les courses de la semaine, je me suis trouv\u00e9e en t\u00e9l\u00e9travail \u00e0 la maison, avec l\u2019habitude de faire des courses au moins deux fois par semaine dans le march\u00e9 du village. C\u2019est l\u00e0 que j\u2019ai crois\u00e9 Eulagia la premi\u00e8re, la deuxi\u00e8me\u2026 la \u00e9ni\u00e8me fois pendant mes courses. &nbsp;Et dans chaque rencontre, l\u2019histoire de Tania m\u2019\u00e9tait d\u00e9voil\u00e9e.<\/p>\n\n\n\n<p>&nbsp;Elle-m\u00eame l\u2019avait entendu d\u2019Irun\u00fa, qui selon le t\u00e9moignage d\u2019Eulagia, et sur des preuves concr\u00e8tes, \u00e9tait aussi une des descendantes de Juan Isidro. Elle a m\u00eame insinu\u00e9 plusieurs fois qu\u2019Irun\u00fa serait la s\u0153ur ou demi-s\u0153ur de Tania, mais je ne mettrai pas ma main au feu \u00e0 propos de cette information. Je n\u2019ai rien su non plus sur \u00d1a Dolores, je crois qu\u2019une des raisons vient du peu d\u2019importance qui se donnait aux femmes \u00e0 cette \u00e9poque. En plus il n\u2019y a eu que des gar\u00e7ons dans la famille jusqu\u2019\u00e0 l\u2019arriv\u00e9e de Tania, et le pr\u00e9nom Dolores s\u2019est perdu par la suite.<\/p>\n\n\n\n<p>Juan Isidro et Juan Isidro de la Vega ont \u00e9t\u00e9 chacun deux fois pr\u00e9sident de La R\u00e9publique Dominicaine.&nbsp; Rien de remarquable sur Juan Isidro de la Barria n\u2019est connu. Sauf le fait qu\u2019avec une profonde conviction d\u2019\u00e9quit\u00e9 et de bon samaritain il a distribu\u00e9 les terres qui appartenaient \u00e0 la famille depuis un si\u00e8cle, les terres de Saman\u00e1, aux p\u00eacheurs de la r\u00e9gion. Comme \u00e7a. Il les leur a donn\u00e9 en cadeau. De braves hommes qui \u00e0 peine avaient de quoi manger. Sauf que, dans un des d\u00e9tours inattendus du destin, quelques ann\u00e9es plus tard les p\u00eacheurs, r\u00e9unis dans une coop\u00e9rative ont d\u00e9cid\u00e9 de vendre les terres \u00e0 des \u00e9trangers et sont partis d\u00e9couvrir des nouveaux horizons loin de la R\u00e9publique Dominicaine. Pour contribuer \u00e0 cette situation f\u00e2cheuse, son fils Domingo, en plus de rompre la tradition des pr\u00e9noms, a refus\u00e9 toute participation \u00e0 la politique et est devenu un \u00e9crivain fameux.<\/p>\n\n\n\n<p>Tania est n\u00e9e \u00e0 Santo Domingo, mais a pass\u00e9 son enfance et a fait ses \u00e9tudes d\u2019ing\u00e9nierie au Venezuela o\u00f9 son p\u00e8re a \u00e9t\u00e9 nomm\u00e9 consul pour quelques ann\u00e9es, \u00e0 la suite desquelles il est reparti, du Venezuela et de la vie de Tania. Encore une lacune sur laquelle Eulagia essaie d\u2019avoir plus de renseignements.&nbsp; Tania, Irun\u00fa, des pr\u00e9noms difficiles \u00e0 oublier, en tout cas pour Eulagia, qui se rappelle toujours d\u2019une maitresse d\u2019\u00e9cole appel\u00e9e Melody.&nbsp; Eulagia a toujours attendu que Melody fasse une carri\u00e8re de chanteuse, mais elle est partie un jour enseigner ailleurs.&nbsp; Je n\u2019ai pas os\u00e9 lui demander ce qu\u2019elle attendait de Tania et Irun\u00fa, mais une chose est sure, elle bien aim\u00e9 ces pr\u00e9noms.<\/p>\n\n\n\n<p>Eulagia a connu Tania en France, elle \u00e9tait enceinte de son premier enfant, une fille.&nbsp; Elle a su plus tard, quand Tania lui a envoy\u00e9 une lettre avec quelques photos, qu\u2019elle s\u2019\u00e9tait mari\u00e9e avec le p\u00e8re de l\u2019enfant.<\/p>\n\n\n\n<p>Elle ne sait pas si Tania est heureuse ou pas, mais elle n\u2019arr\u00eate pas de se dire que si Juan Isidro de la Vega, n\u2019avait pas donn\u00e9 ses terres, si Domingo n\u2019avait pas \u00e9t\u00e9 nomm\u00e9 consul au Venezuela, Tania serait maintenant la Marquise de Saman\u00e1.<\/p>\n\n\n\n<p>&nbsp;Et je vous aurais racont\u00e9 une autre histoire.<\/p>\n\n\n\n<p>Et si le covid19 n\u2019avait pas exist\u00e9 je n\u2019aurais pas connu Eulagia et je n\u2019aurais pas eu une histoire \u00e0 vous raconter.<\/p>\n\n\n\n<p><\/p>\n\n\n\n<p><strong>Tania marquesa de Saman\u00e1<\/strong><\/p>\n\n\n\n<p>Todo comienza hace mucho, mucho tiempo, en el mil ochocientos en la cuidad de Saman\u00e1, en la pen\u00ednsula de Saman\u00e1. Es all\u00ed donde Juan Isidro naci\u00f3 y obtuvo, ya nadie se acuerda como ni en qu\u00e9 circunstancias, el t\u00edtulo de Marqu\u00e9s. Tenemos sobre todo que se\u00f1alar que \u00e9l era muy respetado y amado en la regi\u00f3n y que estaba considerado como un hombre justo y caritativo. \u00c9l era due\u00f1o, podemos decirlo sin exageraci\u00f3n, de las tierras de toda la pen\u00ednsula.<\/p>\n\n\n\n<p>La pen\u00ednsula de Saman\u00e1, en la Rep\u00fablica Dominicana, es una regi\u00f3n llena de maravillas naturales que cuenta todav\u00eda en la actualidad con algunas impresionantes playas v\u00edrgenes. Un verdadero para\u00edso de aguas turquesas y cristalinas que se confunden con la arena blanca y tibia. Un lugar donde uno puede perderse en el medio de una vegetaci\u00f3n exuberante escuchando solo la propia respiraci\u00f3n y el canto de los p\u00e1jaros. Simplemente, un para\u00edso terrenal.<\/p>\n\n\n\n<p>Juan Isidro se cas\u00f3 con \u00d1a Dolores. Parece ser que \u00f1a, do\u00f1a, viene de \u201cdonna\u201d en italiano. Es bien conocido que a los hispanos parlantes de Am\u00e9rica no les gusta mucho las dobles consonantes. Entonces, primero sacaron una \u201cn\u201d que estaba de m\u00e1s y para hacer m\u00e1s linda la escritura y darle un estilo rococ\u00f3 le agregaron una tilde a la \u201cn\u201d que quedaba, para que no estuviera tan sola. Finalmente, para no gastar saliva y porque a veces son un poco vagos, utilizan solamente \u00d1a.&nbsp;<\/p>\n\n\n\n<p>Como cuenta Garc\u00eda M\u00e1rquez en <em>Cien a\u00f1os de soledad<\/em> y hay que reconocer que es la m\u00e1s estricta realidad y no una marca de estilo del autor, en la regi\u00f3n de Saman\u00e1 era una costumbre de llamar a todo el mundo con el mismo nombre. Costumbre que se heredaba de generaci\u00f3n en generaci\u00f3n, de padre a hijo, de madre a hija. Mismo en mi familia yo ten\u00eda cinco t\u00edas abuelas que se llamaban Carmen. Para reconocer la Carmen de la cual est\u00e1bamos hablando mi madre dec\u00eda: es mi t\u00eda Carmen, la hija de Pepito. Pepito era el sobrenombre de su t\u00edo abuelo Vicente, y le dec\u00edan Pepito para no confundirlo con su primo Vicente, que era tambi\u00e9n un t\u00edo abuelo de mi madre, quien evidentemente tenia tambi\u00e9n una hija que se llamaba Carmen.<\/p>\n\n\n\n<p>En la regi\u00f3n de Saman\u00e1, bueno, en todo caso en la familia que nos concierne, no era costumbre dar sobrenombre a la gente, muy familiar y vulgar. El hijo de Juan Isidro se llamaba Juan Isidro de la Vega y su hijo, Juan Isidro de la Barria. A todo esto, llegamos al a\u00f1o mil novecientos. El bisnieto de Juan Isidro, se llama Domingo, por alg\u00fan lado se perdi\u00f3 la costumbre, y la hija mayor de Domingo (pensamos que ha tenido varios hijos) se llama Tania.<\/p>\n\n\n\n<p>Casi todos los hombres de la familia se han dedicado con fervor a la pol\u00edtica. Lamentablemente, no pude obtener informaci\u00f3n completa sobre sus inclinaciones en ese sentido. Pero el hecho de que Juan Isidro fuera tan querido por la gente de Saman\u00e1, y algunos puntos que conoceremos m\u00e1s adelante, nos llevar\u00e1n a inferir que en general ten\u00edan ideas progresistas.<\/p>\n\n\n\n<p>Fue Eulagia, mi vecina, quien me cont\u00f3 toda esta historia. Conoc\u00ed a Eulagia durante el primer encierro de covid19. Aunque vive casi al lado de mi casa, nunca la hab\u00eda visto antes. Toda esta historia del virus ha cambiado mucho los h\u00e1bitos de las personas. Yo, que sal\u00eda temprano en la ma\u00f1ana, que volv\u00eda tarde en la noche del trabajo, que ten\u00eda m\u00e1s de una hora de viaje, que corr\u00eda r\u00e1pidamente al supermercado los fines de semana para hacer las compras de la semana, me encontr\u00e9 trabajando en casa, con la costumbre de comprar al menos dos veces por semana en el mercado del pueblo. All\u00ed es donde me encontr\u00e9 con Eulagia la primera, la segunda &#8230; la en\u00e9sima vez durante mis compras. Y en cada encuentro me contaba las diversas facetas de la historia de Tania. Ella misma la hab\u00eda escuchado de Irun\u00fa, quien seg\u00fan el testimonio de Eulagia, y sobre pruebas concretas, tambi\u00e9n era descendiente de Juan Isidro. Incluso insinu\u00f3 en varias ocasiones que Irun\u00fa ser\u00eda hermana o media hermana de Tania, pero no voy a poner la mano en el fuego por esta informaci\u00f3n. Tampoco supe nada de \u00d1a Dolores, creo que una de las razones es que en esa \u00e9poca no se daba mucha importancia a las mujeres. Adem\u00e1s, solo hab\u00eda hijos varones en la familia hasta la llegada de Tania, y el nombre Dolores se perdi\u00f3 a partir de entonces.<\/p>\n\n\n\n<p>Juan Isidro y Juan Isidro de la Vega fueron dos veces presidentes de Rep\u00fablica Dominicana. No se sabe nada destacable de Juan Isidro de la Barria. Salvo que con una profunda convicci\u00f3n de equidad y de buen samaritano reparti\u00f3 las tierras que hab\u00edan pertenecido a la familia durante un siglo, las tierras de Saman\u00e1, a los pescadores de la regi\u00f3n. As\u00ed nom\u00e1s. Se los dio como regalo. Hombres valientes que apenas ten\u00edan para comer. Salvo que, en uno de los inesperados giros del destino, varios a\u00f1os despu\u00e9s, los pescadores, unidos en una cooperativa, decidieron vender la tierra a extranjeros y partieron para descubrir nuevos horizontes lejos de la Rep\u00fablica Dominicana. Para contribuir a esta situaci\u00f3n, su hijo Domingo, adem\u00e1s de romper la tradici\u00f3n de los nombres de pila, se neg\u00f3 a participar en pol\u00edtica y se convirti\u00f3 en un escritor famoso.<\/p>\n\n\n\n<p>Tania naci\u00f3 en Santo Domingo, pero pas\u00f3 su infancia e hizo sus estudios de ingenier\u00eda en Venezuela donde su padre fue nombrado c\u00f3nsul por unos a\u00f1os, tras lo cual abandon\u00f3 Venezuela y la vida de Tania. Otro vac\u00edo de informaci\u00f3n sobre el que Eulagia est\u00e1 tratando de averiguar m\u00e1s. Tania, Irun\u00fa, nombres dif\u00edciles de olvidar, al menos para Eulagia, que siempre recuerda a una maestra de escuela llamada Melody. Eulagia siempre esper\u00f3 que Melody hiciera una carrera como cantante, pero un d\u00eda se fue para ense\u00f1ar en otro lugar y parece ser que nunca se dedic\u00f3 al canto. No me atrev\u00ed a preguntarle qu\u00e9 esperaba de Tania e Irun\u00fa, pero una cosa es segura, le gustaron esos nombres.<\/p>\n\n\n\n<p>Eulagia conoci\u00f3 a Tania en Francia, estaba embarazada de su primer hijo, que fue una ni\u00f1a. M\u00e1s tarde se enter\u00f3, cuando Tania le envi\u00f3 una carta con algunas fotos, que se hab\u00eda casado con el padre de la ni\u00f1a. <\/p>\n\n\n\n<p>No sabe si Tania est\u00e1 feliz o no, pero sigue pensando que, si Juan Isidro de la Vega no hubiera cedido su tierra, si Domingo no hubiera sido nombrado c\u00f3nsul en Venezuela, Tania ser\u00eda ahora la Marquesa de Saman\u00e1.<\/p>\n\n\n\n<p>Y seguramente Eulagia me habr\u00eda contado otra historia.<\/p>\n\n\n\n<p>Pero si no hubiera existido covid19 yo no habr\u00eda conocido a Eulagia y no tendr\u00eda esta historia para contarte.<\/p>\n\n\n\n<pre class=\"wp-block-preformatted\">&nbsp;<\/pre>\n","protected":false},"excerpt":{"rendered":"<p>Tout commence il y a longtemps, dans les ann\u00e9es mille huit cents dans la ville de Saman\u00e1, dans la p\u00e9ninsule de Saman\u00e1. C\u2019est l\u00e0 o\u00f9 Juan Isidro est n\u00e9 et o\u00f9 il a acquis, on ne se rappelle pas bien comment ni dans quelles circonstances, le titre de Marquis. Il faut surtout d\u2019abord remarquer qu\u2019il [&hellip;]<\/p>\n","protected":false},"author":1,"featured_media":0,"parent":0,"menu_order":0,"comment_status":"closed","ping_status":"closed","template":"","meta":[],"_links":{"self":[{"href":"https:\/\/entremotsetdessins.art\/index.php?rest_route=\/wp\/v2\/pages\/270"}],"collection":[{"href":"https:\/\/entremotsetdessins.art\/index.php?rest_route=\/wp\/v2\/pages"}],"about":[{"href":"https:\/\/entremotsetdessins.art\/index.php?rest_route=\/wp\/v2\/types\/page"}],"author":[{"embeddable":true,"href":"https:\/\/entremotsetdessins.art\/index.php?rest_route=\/wp\/v2\/users\/1"}],"replies":[{"embeddable":true,"href":"https:\/\/entremotsetdessins.art\/index.php?rest_route=%2Fwp%2Fv2%2Fcomments&post=270"}],"version-history":[{"count":2,"href":"https:\/\/entremotsetdessins.art\/index.php?rest_route=\/wp\/v2\/pages\/270\/revisions"}],"predecessor-version":[{"id":273,"href":"https:\/\/entremotsetdessins.art\/index.php?rest_route=\/wp\/v2\/pages\/270\/revisions\/273"}],"wp:attachment":[{"href":"https:\/\/entremotsetdessins.art\/index.php?rest_route=%2Fwp%2Fv2%2Fmedia&parent=270"}],"curies":[{"name":"wp","href":"https:\/\/api.w.org\/{rel}","templated":true}]}}