{"id":266,"date":"2020-12-21T14:41:31","date_gmt":"2020-12-21T13:41:31","guid":{"rendered":"http:\/\/entremotsetdessins.art\/?page_id=266"},"modified":"2020-12-21T14:41:31","modified_gmt":"2020-12-21T13:41:31","slug":"le-pays-du-cafe","status":"publish","type":"page","link":"https:\/\/entremotsetdessins.art\/?page_id=266","title":{"rendered":"Le pays du caf\u00e9"},"content":{"rendered":"\n<p>En fin de comptes les journ\u00e9es ici ne sont pas si courtes. On dit que le soleil se l\u00e8ve \u00e0 dix heures et se couche \u00e0 treize heures trente dans ses journ\u00e9es les plus courtes, mais m\u00eame avant neuf heures on peut voir d\u00e9j\u00e0 la lumi\u00e8re du jour et apercevoir comment la ville se r\u00e9veille doucement. Les b\u00e2timents s&#8217;\u00e9tirent, les rues se d\u00e9plient, les cygnes du lac d\u00e9filent, les phares des voitures s&#8217;\u00e9teignent.<br>Marisa peigne ses longs cheveux noirs et les attache avec un ruban tr\u00e8s color\u00e9 dessinant une longue tresse. Elle d\u00e9tonne quand elle marche dans la rue. Mince, petite, avec ses sandales en laine color\u00e9es qu&#8217;elle-m\u00eame a tricot\u00e9 et ses cheveux noir \u00e9b\u00e8ne. Quand elle se prom\u00e8ne, les autres filles la d\u00e9passent de plus de quarante centim\u00e8tres. Elles sont plut\u00f4t bien servies en rondeurs sans \u00eatre grosses et surtout leurs cheveux sont aussi longs que les siens mais tellement blonds. Tellement blonds qu&#8217;ils semblent argent\u00e9s. On dirait une prolongation de leur peau, si p\u00e2le, si lisse. Parfois Marisa se demande si c&#8217;est la vraie couleur ou de la teinture. Mais si c&#8217;est de la teinture qu&#8217;il s&#8217;agit les coiffeurs doivent avoir une palette de teintes blondes en accord \u00e0 la peau de la client\u00e8le.<br><br>Marisa est arriv\u00e9e dans le Nord, comme elle aimait dire, \u00e0 l&#8217;\u00e9poque de No\u00ebl. Contrairement \u00e0 ce \u00e0 quoi elle s&#8217;attendait, il n&#8217;y avait pas de neige. On lui avait dit qu&#8217;elle ne devait pas se faire de soucis, qu&#8217;il ne faisait pas si froid m\u00eame en plein hiver. Mais elle avait eu du mal \u00e0 y croire. Avec les pays du Nord on ne sait jamais.&nbsp; Apr\u00e8s tout qu&#8217;est-ce qu&#8217;elle pouvait savoir du Nord et du froid, difficile de faire la diff\u00e9rence de saisons chez elle.<br>Elle est arriv\u00e9e dans le Nord pour travailler dans un fast-food. Un ami de son grand-oncle \u00e9tait parti \u00e0 la recherche d&#8217;une vie meilleure dans le Nord et on pourrait dire qu&#8217;il avait r\u00e9ussi. Il \u00e9tait enfin arriv\u00e9 \u00e0 ouvrir son propre fast-food apr\u00e8s avoir travaill\u00e9 plus de dix ans comme employ\u00e9 dans un magasin de chaussures. Marisa se dit que la vie est pleine de surprises.&nbsp; La preuve, elle qui attendait d&#8217;\u00eatre un peu plus grande pour se marier et cesser d\u2019\u00eatre une autre bouche \u00e0 nourrir pour sa m\u00e8re, voil\u00e0 qu&#8217;elle \u00e9tait partie aussi pour le Nord.&nbsp; Sa m\u00e8re a trouv\u00e9 que c&#8217;\u00e9tait une bonne id\u00e9e.&nbsp; Marisa allait chez Jos\u00e9, l\u2019ami de son oncle, elle allait travailler avec lui et elle pourrait lui envoyer un peu de sous pour l&#8217;aider. M\u00e8re de huit enfants, son mari parti, la vie n&#8217;avait pas \u00e9t\u00e9 tr\u00e8s sympa avec elle. En plus, c&#8217;\u00e9tait s\u00fbrement mieux pour Marisa de partir et essayer de trouver une autre vie et pas la m\u00eame qu&#8217;elle, oblig\u00e9e de se marier si jeune.<br><br>Marisa se rappelle les premi\u00e8res semaines dans le Nord. Elle pense tr\u00e8s souvent au jour de la veille de No\u00ebl et le jour de No\u00ebl. Tout \u00e9tait ferm\u00e9.&nbsp; Et quand on dit tout, on dit tout. M\u00eame les fast-foods. Elle s&#8217;\u00e9tait demand\u00e9e o\u00f9 allaient manger les touristes, si m\u00eame les restaurants des h\u00f4tels fermaient \u00e0 22h. Mais bon, ils n&#8217;allaient pas non plus f\u00eater No\u00ebl dans un fast-food quand m\u00eame. Elle a su plus tard que les gens d\u00eenent t\u00f4t dans le Nord et que m\u00eame s&#8217;ils f\u00eatent No\u00ebl ce n&#8217;est pas une date aussi importante que dans les pays europ\u00e9ens. Chez elle on f\u00eatait No\u00ebl \u00e0 la plage en dansant et en mangeant les fruits que son voisin leur avait gentiment donn\u00e9s.&nbsp; Le jour de Noel, avec son grand-oncle Jos\u00e9 et d&#8217;autres employ\u00e9s ils sont all\u00e9s au centre des sans abri. Ils avaient pr\u00e9par\u00e9 diff\u00e9rents plats&nbsp;pour donner un peu de chaleur aux pauvres. Car il y a aussi des pauvres dans le Nord et ici \u00e0 No\u00ebl il fait froid. Plein de monde venait au centre. S\u00fbrement avec les restes de leurs repas et aussi pour aider \u00e0 faire une grande soupe.&nbsp; La soupe de No\u00ebl.<br><br>Marisa s&#8217;est vite habitu\u00e9e aux gens du Nord. Ils sourient pareil quand on sourit.&nbsp; Ils parlent doucement quand ils r\u00e9alisent qu&#8217;on a du mal \u00e0 comprendre. Marisa qui avait appris l&#8217;anglais rapidement s&#8217;est ent\u00eat\u00e9e \u00e0 apprendre aussi la langue locale. Elle allumait la radio pour pratiquer tous les matins avant d&#8217;aller au travail. Elle s&#8217;est vite confondue dans le paysage du Nord.<br><br>Sa m\u00e8re lui disait toujours. Tu t&#8217;adaptes \u00e0 tout. Ceci te va bien et son contraire aussi.<br>Peut-\u00eatre.&nbsp; Il y a seulement une chose qui cloche dans le Nord. Rien ne vaut le caf\u00e9 de chez elle.<\/p>\n","protected":false},"excerpt":{"rendered":"<p>En fin de comptes les journ\u00e9es ici ne sont pas si courtes. On dit que le soleil se l\u00e8ve \u00e0 dix heures et se couche \u00e0 treize heures trente dans ses journ\u00e9es les plus courtes, mais m\u00eame avant neuf heures on peut voir d\u00e9j\u00e0 la lumi\u00e8re du jour et apercevoir comment la ville se r\u00e9veille [&hellip;]<\/p>\n","protected":false},"author":1,"featured_media":0,"parent":0,"menu_order":0,"comment_status":"closed","ping_status":"closed","template":"","meta":[],"_links":{"self":[{"href":"https:\/\/entremotsetdessins.art\/index.php?rest_route=\/wp\/v2\/pages\/266"}],"collection":[{"href":"https:\/\/entremotsetdessins.art\/index.php?rest_route=\/wp\/v2\/pages"}],"about":[{"href":"https:\/\/entremotsetdessins.art\/index.php?rest_route=\/wp\/v2\/types\/page"}],"author":[{"embeddable":true,"href":"https:\/\/entremotsetdessins.art\/index.php?rest_route=\/wp\/v2\/users\/1"}],"replies":[{"embeddable":true,"href":"https:\/\/entremotsetdessins.art\/index.php?rest_route=%2Fwp%2Fv2%2Fcomments&post=266"}],"version-history":[{"count":1,"href":"https:\/\/entremotsetdessins.art\/index.php?rest_route=\/wp\/v2\/pages\/266\/revisions"}],"predecessor-version":[{"id":267,"href":"https:\/\/entremotsetdessins.art\/index.php?rest_route=\/wp\/v2\/pages\/266\/revisions\/267"}],"wp:attachment":[{"href":"https:\/\/entremotsetdessins.art\/index.php?rest_route=%2Fwp%2Fv2%2Fmedia&parent=266"}],"curies":[{"name":"wp","href":"https:\/\/api.w.org\/{rel}","templated":true}]}}