{"id":260,"date":"2020-12-21T14:30:06","date_gmt":"2020-12-21T13:30:06","guid":{"rendered":"http:\/\/entremotsetdessins.art\/?page_id=260"},"modified":"2020-12-21T21:39:05","modified_gmt":"2020-12-21T20:39:05","slug":"kantin","status":"publish","type":"page","link":"https:\/\/entremotsetdessins.art\/?page_id=260","title":{"rendered":"Kantin"},"content":{"rendered":"\n<p>Kantin regarde l&#8217;int\u00e9rieur de sa petite maison. Il constate que tout est propre et ordonn\u00e9. Il avait bien arrang\u00e9 son lit et pass\u00e9 le balai un peu partout. Il avait m\u00eame d\u00e9plac\u00e9 le paillasson et l&#8217;avait secou\u00e9 contre la petite pierre presque carr\u00e9e. La jolie pierre qu&#8217;un jour il avait trouv\u00e9e devant sa porte et que jamais il n&#8217;avait voulu d\u00e9placer, bien que sa m\u00e8re la trouvait inutile et incommode. Il faut le reconna\u00eetre, la pierre \u00e9tait tomb\u00e9e juste devant la porte d&#8217;entr\u00e9e.<br>&#8211; Cette pierre est mal plac\u00e9e, elle emp\u00eache d&#8217;entrer dans la maison et en plus elle est moche. Sa m\u00e8re disait.<br>Mais il la regarde encore, et aujourd&#8217;hui, il ne sait pas pourquoi, il la trouve m\u00eame plus jolie, avec une lumi\u00e8re myst\u00e9rieuse. En plus, elle avait fait partir toute la poussi\u00e8re du paillasson. Comme tout petit gar\u00e7on, le nettoyage de la maison n&#8217;\u00e9tait pas son passe-temps favori, mais en regardant le travail accompli il \u00e9tait satisfait.<br>Il avait d\u00e9j\u00e0 pr\u00e9par\u00e9 une note. Il avait pass\u00e9 toute la nuit \u00e0 la r\u00e9diger.<br>\u300aJe pars conna\u00eetre le monde. Je reviendrai vite.\u300b<br><br><\/p>\n\n\n\n<p>Il a pris le baluchon qu&#8217;il avait pr\u00e9par\u00e9 t\u00f4t le matin avant que tout le monde ne soit debout, il a claqu\u00e9 la porte et il est parti.<br>Il a pris le chemin de gauche, car c&#8217;est le chemin qui am\u00e8ne \u00e0 la rivi\u00e8re. Il avait entendu son copain Mini dire \u00e7a. Mini, qui lui parlait pendant qu&#8217;il draguait depuis une branche d&#8217;arbre Minina, qui l&#8217;entendait \u00e0 peine en se balan\u00e7ant dans l&#8217;arbre d&#8217;\u00e0 c\u00f4t\u00e9. Et qui \u00e9videment ne l\u2019a pas fait aucune attention\u2026 Ah&nbsp;! les femmes avait dit Mini, toujours les m\u00eames.<\/p>\n\n\n\n<p><br>Apr\u00e8s quelques heures de marche, car il ne marche pas trop vite, il faut reconna\u00eetre qu\u2019il se laisse distraire m\u00eame par une mouche qui vole, il s&#8217;est arr\u00eat\u00e9 pour se pr\u00e9parer un sandwich. Il a fini enfin par entendre quelque chose qui semblait \u00eatre de l&#8217;eau qui coule. La rivi\u00e8re ! A-t-il cri\u00e9. Il a reconnu le bruit d&#8217;une cascade. Il a vite couru mouiller ses pattes. Il est rest\u00e9 des heures dans cet endroit magique. L&#8217;endroit \u00e9tait tellement charmant qu&#8217;il d\u00e9cide d&#8217;y passer la nuit. La nuit \u00e9tait fra\u00eeche mais il a trouv\u00e9 une petite caverne pr\u00e8s de la cascade pour dormir.<br>Le lendemain il a rencontr\u00e9 un dr\u00f4le de personnage qui marchait \u00e0 toute vitesse et se d\u00e9pla\u00e7ait en zigzag pour \u00e9viter les petites pierres du chemin. Kantin sortait de sa petite mais presque confortable caverne et l&#8217;a vu passer pendant qu\u2019il s\u2019\u00e9tirait apr\u00e8s une bonne nuit de sommeil.<br>&#8211; Allez, allez, c&#8217;est l&#8217;heure de se r\u00e9veiller et de chercher quelque chose \u00e0 manger. Lui dit l&#8217;\u00e9trange personnage pendant qu&#8217;avec ses mille pattes il s&#8217;\u00e9loignait en chantonnant un vieux refrain.<br>Kantin essuie ses yeux&#8230; mille pattes?.. non&#8230; c&#8217;\u00e9tait plus que \u00e7a.<\/p>\n\n\n\n<p><br>Apr\u00e8s avoir soigneusement remis ses quelques affaires dans le baluchon il continua sa marche. Maintenant selon son plan il devait trouver une longue, grande et fra\u00eeche for\u00eat de pins. Il ne fut pas d\u00e9\u00e7u. Devant lui s&#8217;\u00e9tendait une longue file d&#8217;arbres de toutes les formes et couleurs. Si c&#8217;\u00e9tait des pins, il ne pouvait pas l&#8217;affirmer. En traversant tant bien que mal l&#8217;endroit, il a re\u00e7u quelque \u00e9raflures, entendu le cri de quelques oiseaux bizarres, crois\u00e9 quelques chauves-souris pour enfin pouvoir regarder les vives couleurs d&#8217;un papillon. La nuit tomb\u00e9e, il est enfin sorti de cet enchev\u00eatrement d&#8217;endroit.<br>C&#8217;est seulement quand il est sorti de la for\u00eat et qu&#8217;il a lev\u00e9 la t\u00eate pour admirer les \u00e9toiles qu&#8217;il l&#8217;a vu. Dans un champ dor\u00e9, avec sa cape noire&#8230; avec ses longs bras qui bougent comme des gros serpents, avec son chapeau pointu, avec ses yeux d&#8217;ogre. Epouvant\u00e9 il a commenc\u00e9 \u00e0 courir pour \u00e9chapper \u00e0 l&#8217;horrible b\u00eate noire, quand il a vu la princesse. Elle courrait aussi, il ne pouvait pas partir sans l&#8217;aider, il l&#8217;a pris dans ses bras comme il a pu, il a contourn\u00e9 le monstre pour laisser enfin la belle de l&#8217;autre c\u00f4t\u00e9 du champ, saine et sauve. Elle lui a fait un grand sourire, il a m\u00eame cru entendre un merci Kantin&#8230; mais c&#8217;\u00e9tait s\u00fbrement un r\u00eave.<\/p>\n\n\n\n<p><br>Il \u00e9tait content de ses aventures, il avait parl\u00e9 de son id\u00e9e \u00e0 son vieil oncle Gaspard pendant la rituelle partie de cartes du dimanche soir \u00e0 la maison. Tu dois le laisser gagner, lui avait dit son p\u00e8re, il est trop vieux et s&#8217;il perd, il devient m\u00e9lancolique car il pense qu&#8217;il n&#8217;a plus sa t\u00eate comme avant. C&#8217;\u00e9tait le vieux Gaspard qui lui a dit qu&#8217;il avait d\u00e9j\u00e0 l&#8217;\u00e2ge de conna\u00eetre le monde.<br>Et maintenant \u00e0 son retour il aurait plein de choses \u00e0 raconter.<br>Apr\u00e8s une longue journ\u00e9e de marche il est arriv\u00e9 \u00e0 une colline, et l\u00e0, le comble de ses r\u00eaves. Il a vu le ch\u00e2teau. Il \u00e9tait splendide, magnifique, avec ses grandes tours et son pont-levis. Serait-ce le ch\u00e2teau de la princesse ? Il \u00e9tait trop fatigu\u00e9 pour continuer. Il s&#8217;est endormi en r\u00eavant de contes de f\u00e9es.<\/p>\n\n\n\n<p>C&#8217;est dans la petite mont\u00e9e qui donne au champ de la maison du maire du village que don Ab\u00e9lard le l\u00e9zard l&#8217;a trouv\u00e9 et l&#8217;a amen\u00e9 \u00e0 la maison. Kantin avait protest\u00e9 \u00e0 l&#8217;id\u00e9e de revenir, mais c&#8217;\u00e9tait vrai qu&#8217;il avait d\u00e9j\u00e0 eu suffisamment d&#8217;\u00e9motions.<br>Kantin est entr\u00e9 subrepticement dans la maison, pendant qu&#8217;Ab\u00e9lard parlait \u00e0 son p\u00e8re.<br>&#8211; Salut, j&#8217;ai trouv\u00e9 Kantin dans la grande mont\u00e9e dit Ab\u00e9lard au p\u00e8re de Kantin. Ma fille a vu Kantin aussi avant-hier pr\u00e8s du champ de bl\u00e9 du maire. Ils ont couru ensemble un peu il para\u00eet. J&#8217;ai pens\u00e9 que c&#8217;\u00e9tait une bonne id\u00e9e de le ramener \u00e0 la maison.<\/p>\n\n\n\n<p>Kantin descend de sa chambre apr\u00e8s avoir pris une petite douche pour se rafra\u00eechir. Et il commence \u00e0 raconter \u00e0 ses parents ses aventures avec grand enthousiasme. Apr\u00e8s sa description tr\u00e8s d\u00e9taill\u00e9e, pour son p\u00e8re le parcours de son fils \u00e9tait clair.\u00a0 Kantin \u00e9tait pass\u00e9 pr\u00e8s de l&#8217;arrosage du champ de bl\u00e9 du maire, c\u2019est l\u00e0 qu\u2019il \u00a0s&#8217;est effray\u00e9\u00a0 de l&#8217;\u00e9pouvantail, et qu\u2019il a rencontr\u00e9 la fille d&#8217;Ab\u00e9lard, pour finir pr\u00e8s de la montagne de poubelle dans la grand mont\u00e9e du village.<br>Sa m\u00e8re qui n&#8217;avait \u00e9cout\u00e9 le long r\u00e9cit qu&#8217;\u00e0 moiti\u00e9, r\u00e2le:<br>&#8211; Tu es parti parcourir le monde, d&#8217;accord, tu reviens comme si de rien n&#8217;\u00e9tait une semaine apr\u00e8s, d&#8217;accord, mais tu as vu dans quel \u00e9tat tu as laiss\u00e9 la maison avant partir? Et elle part encore en r\u00e2lant sans attendre une r\u00e9ponse.<br>M. Tope, le p\u00e8re de Kantin, le regarde en soupirant. C\u2019est vrai que son fils est un r\u00eaveur, qu\u2019il a la t\u00eate ailleurs, mais l\u00e0, il avait une autre excuse, pour la poussi\u00e8re oubli\u00e9 dans sa chambre, le monstre, le ch\u00e2teau et la princesse. Avec une voix douce et calme il lui dit\u00a0:<br>&#8211; Va dans ta chambre mon petit, il faut que tu te reposes de tes aventures. Et n&#8217;oublie pas de mettre tes lunettes la prochaine fois, tu sais, nous n\u2019avons pas une tr\u00e8s bonne vue.<\/p>\n","protected":false},"excerpt":{"rendered":"<p>Kantin regarde l&#8217;int\u00e9rieur de sa petite maison. Il constate que tout est propre et ordonn\u00e9. Il avait bien arrang\u00e9 son lit et pass\u00e9 le balai un peu partout. Il avait m\u00eame d\u00e9plac\u00e9 le paillasson et l&#8217;avait secou\u00e9 contre la petite pierre presque carr\u00e9e. La jolie pierre qu&#8217;un jour il avait trouv\u00e9e devant sa porte et [&hellip;]<\/p>\n","protected":false},"author":1,"featured_media":0,"parent":0,"menu_order":0,"comment_status":"closed","ping_status":"closed","template":"","meta":[],"_links":{"self":[{"href":"https:\/\/entremotsetdessins.art\/index.php?rest_route=\/wp\/v2\/pages\/260"}],"collection":[{"href":"https:\/\/entremotsetdessins.art\/index.php?rest_route=\/wp\/v2\/pages"}],"about":[{"href":"https:\/\/entremotsetdessins.art\/index.php?rest_route=\/wp\/v2\/types\/page"}],"author":[{"embeddable":true,"href":"https:\/\/entremotsetdessins.art\/index.php?rest_route=\/wp\/v2\/users\/1"}],"replies":[{"embeddable":true,"href":"https:\/\/entremotsetdessins.art\/index.php?rest_route=%2Fwp%2Fv2%2Fcomments&post=260"}],"version-history":[{"count":2,"href":"https:\/\/entremotsetdessins.art\/index.php?rest_route=\/wp\/v2\/pages\/260\/revisions"}],"predecessor-version":[{"id":279,"href":"https:\/\/entremotsetdessins.art\/index.php?rest_route=\/wp\/v2\/pages\/260\/revisions\/279"}],"wp:attachment":[{"href":"https:\/\/entremotsetdessins.art\/index.php?rest_route=%2Fwp%2Fv2%2Fmedia&parent=260"}],"curies":[{"name":"wp","href":"https:\/\/api.w.org\/{rel}","templated":true}]}}