{"id":236,"date":"2020-12-13T18:51:02","date_gmt":"2020-12-13T17:51:02","guid":{"rendered":"http:\/\/entremotsetdessins.art\/?page_id=236"},"modified":"2020-12-13T20:18:17","modified_gmt":"2020-12-13T19:18:17","slug":"trafiquant-de-mots","status":"publish","type":"page","link":"https:\/\/entremotsetdessins.art\/?page_id=236","title":{"rendered":"Trafiquant de mots"},"content":{"rendered":"\n<p class=\"has-subtle-background-color has-text-color\" style=\"font-size:1px\">Lalali lalala <br>lilala et voil\u00e0<\/p>\n\n\n\n<pre class=\"wp-block-verse\"> \n Je te cherche dans les rues\n Dans la rue des marchandes\n Des marchandes de mots nus\n Les mots que tu habilles et transformes\n En phrases pleines de forme.\n \n Les mots se fondent, s'entrem\u00ealent\n Dansent sans pudeur\n Et prennent des ailes\n Et toi inquiet et r\u00eaveur\n Les ordonnes avec ferveur.\n \n Comme petits morceaux de bois\n Tendrement ficel\u00e9s\n Comme rouge \u00e0 l\u00e8vre bien choisi\n Sur la bouche dessin\u00e9\n Bouquet de fleurs cramoisies \n Dans un vase japonais.\n \n Tu p\u00e8ses les mots que tu dis\n Et construis ta maquette\n Avec un coup de baguette.\n \n \n Tes mots r\u00e9sonnent avec la r\u00e9alit\u00e9\n Je connais cette sensation, \n C\u2019est un aspect de la v\u00e9rit\u00e9\n Qui sort sans compassion\n De ta palette multicolore. \n &nbsp;\n &nbsp;\n Je te devine ce matin tr\u00e8s t\u00f4t\n En train d'assembler tes mots\n Pr\u00e8s de ma boite mail\n Pour embellir mon r\u00e9veil. \n\nMabel<\/pre>\n\n\n\n<div class=\"wp-block-group\"><div class=\"wp-block-group__inner-container\">\n<div class=\"wp-block-buttons\">\n<div class=\"wp-block-button\"><a class=\"wp-block-button__link\" href=\"http:\/\/entremotsetdessins.art\/?page_id=232\">&lt; Pr\u00e9c\u00e9dent<\/a><\/div>\n\n\n\n<div class=\"wp-block-button\"><a class=\"wp-block-button__link\" href=\"http:\/\/entremotsetdessins.art\/?page_id=36\">Sommaire<\/a><\/div>\n\n\n\n<div class=\"wp-block-button\"><a class=\"wp-block-button__link\" href=\"http:\/\/entremotsetdessins.art\/?page_id=117\">SUIVANT&gt;<\/a><\/div>\n<\/div>\n<\/div><\/div>\n","protected":false},"excerpt":{"rendered":"<p>Lalali lalala lilala et voil\u00e0 Je te cherche dans les rues Dans la rue des marchandes Des marchandes de mots nus Les mots que tu habilles et transformes En phrases pleines de forme. Les mots se fondent, s&#8217;entrem\u00ealent Dansent sans pudeur Et prennent des ailes Et toi inquiet et r\u00eaveur Les ordonnes avec ferveur. Comme [&hellip;]<\/p>\n","protected":false},"author":1,"featured_media":0,"parent":36,"menu_order":0,"comment_status":"closed","ping_status":"closed","template":"","meta":[],"_links":{"self":[{"href":"https:\/\/entremotsetdessins.art\/index.php?rest_route=\/wp\/v2\/pages\/236"}],"collection":[{"href":"https:\/\/entremotsetdessins.art\/index.php?rest_route=\/wp\/v2\/pages"}],"about":[{"href":"https:\/\/entremotsetdessins.art\/index.php?rest_route=\/wp\/v2\/types\/page"}],"author":[{"embeddable":true,"href":"https:\/\/entremotsetdessins.art\/index.php?rest_route=\/wp\/v2\/users\/1"}],"replies":[{"embeddable":true,"href":"https:\/\/entremotsetdessins.art\/index.php?rest_route=%2Fwp%2Fv2%2Fcomments&post=236"}],"version-history":[{"count":2,"href":"https:\/\/entremotsetdessins.art\/index.php?rest_route=\/wp\/v2\/pages\/236\/revisions"}],"predecessor-version":[{"id":250,"href":"https:\/\/entremotsetdessins.art\/index.php?rest_route=\/wp\/v2\/pages\/236\/revisions\/250"}],"up":[{"embeddable":true,"href":"https:\/\/entremotsetdessins.art\/index.php?rest_route=\/wp\/v2\/pages\/36"}],"wp:attachment":[{"href":"https:\/\/entremotsetdessins.art\/index.php?rest_route=%2Fwp%2Fv2%2Fmedia&parent=236"}],"curies":[{"name":"wp","href":"https:\/\/api.w.org\/{rel}","templated":true}]}}