{"id":232,"date":"2020-12-13T18:28:46","date_gmt":"2020-12-13T17:28:46","guid":{"rendered":"http:\/\/entremotsetdessins.art\/?page_id=232"},"modified":"2020-12-13T20:17:01","modified_gmt":"2020-12-13T19:17:01","slug":"letrangere","status":"publish","type":"page","link":"https:\/\/entremotsetdessins.art\/?page_id=232","title":{"rendered":"L&#8217;\u00e9trang\u00e8re"},"content":{"rendered":"\n<p class=\"has-subtle-background-color has-text-color\" style=\"font-size:1px\">Lalali lalala <br>lilala et voil\u00e0<\/p>\n\n\n\n<pre class=\"wp-block-verse\"> Je ne serai toujours qu\u2019une \u00e9trang\u00e8re \n Qui \u00e0 peine lis ta langue sans b\u00e9gayer\n Qui \u00e0 peine chante quand elle la parle\n Avec son accent particulier.\n \u00a0\n Mais je m\u2019impr\u00e8gne dans tes desseins \n Dans la d\u00e9licatesse de tes pens\u00e9es\n Que maladroite, je m\u00e9lange avec les miens. \n \u00a0\n Tu as tous les rythmes\n Toutes les strophes combin\u00e9es\n Toutes les mesures et les rimes\n Beaut\u00e9 et musique entrelac\u00e9es. \n \u00a0\n Verse des torrents de lumi\u00e8re\n Sur mes po\u00e8mes d\u2019aujourd\u2019hui et d\u2019hier\n Et tu conna\u00eetras la force de mon \u00e2me \n Qui pour toi d\u00e9clame.\n\nMabel<\/pre>\n\n\n\n<div class=\"wp-block-group\"><div class=\"wp-block-group__inner-container\">\n<div class=\"wp-block-buttons\">\n<div class=\"wp-block-button\"><a class=\"wp-block-button__link\" href=\"http:\/\/entremotsetdessins.art\/?page_id=225\">&lt; Pr\u00e9c\u00e9dent<\/a><\/div>\n\n\n\n<div class=\"wp-block-button\"><a class=\"wp-block-button__link\" href=\"http:\/\/entremotsetdessins.art\/?page_id=36\">Sommaire<\/a><\/div>\n\n\n\n<div class=\"wp-block-button\"><a class=\"wp-block-button__link\" href=\"http:\/\/entremotsetdessins.art\/?page_id=236\">SUIVANT&gt;<\/a><\/div>\n<\/div>\n<\/div><\/div>\n\n\n\n<p><\/p>\n","protected":false},"excerpt":{"rendered":"<p>Lalali lalala lilala et voil\u00e0 Je ne serai toujours qu\u2019une \u00e9trang\u00e8re Qui \u00e0 peine lis ta langue sans b\u00e9gayer Qui \u00e0 peine chante quand elle la parle Avec son accent particulier. \u00a0 Mais je m\u2019impr\u00e8gne dans tes desseins Dans la d\u00e9licatesse de tes pens\u00e9es Que maladroite, je m\u00e9lange avec les miens. \u00a0 Tu as tous [&hellip;]<\/p>\n","protected":false},"author":1,"featured_media":0,"parent":36,"menu_order":0,"comment_status":"closed","ping_status":"closed","template":"","meta":[],"_links":{"self":[{"href":"https:\/\/entremotsetdessins.art\/index.php?rest_route=\/wp\/v2\/pages\/232"}],"collection":[{"href":"https:\/\/entremotsetdessins.art\/index.php?rest_route=\/wp\/v2\/pages"}],"about":[{"href":"https:\/\/entremotsetdessins.art\/index.php?rest_route=\/wp\/v2\/types\/page"}],"author":[{"embeddable":true,"href":"https:\/\/entremotsetdessins.art\/index.php?rest_route=\/wp\/v2\/users\/1"}],"replies":[{"embeddable":true,"href":"https:\/\/entremotsetdessins.art\/index.php?rest_route=%2Fwp%2Fv2%2Fcomments&post=232"}],"version-history":[{"count":2,"href":"https:\/\/entremotsetdessins.art\/index.php?rest_route=\/wp\/v2\/pages\/232\/revisions"}],"predecessor-version":[{"id":249,"href":"https:\/\/entremotsetdessins.art\/index.php?rest_route=\/wp\/v2\/pages\/232\/revisions\/249"}],"up":[{"embeddable":true,"href":"https:\/\/entremotsetdessins.art\/index.php?rest_route=\/wp\/v2\/pages\/36"}],"wp:attachment":[{"href":"https:\/\/entremotsetdessins.art\/index.php?rest_route=%2Fwp%2Fv2%2Fmedia&parent=232"}],"curies":[{"name":"wp","href":"https:\/\/api.w.org\/{rel}","templated":true}]}}