{"id":221,"date":"2020-12-13T18:11:56","date_gmt":"2020-12-13T17:11:56","guid":{"rendered":"http:\/\/entremotsetdessins.art\/?page_id=221"},"modified":"2020-12-13T20:17:01","modified_gmt":"2020-12-13T19:17:01","slug":"le-vol-de-la-muette","status":"publish","type":"page","link":"https:\/\/entremotsetdessins.art\/?page_id=221","title":{"rendered":"Le vol de la mouette"},"content":{"rendered":"\n<p class=\"has-subtle-background-color has-text-color\" style=\"font-size:1px\">Lalali lalala <br>lilala et voil\u00e0<\/p>\n\n\n\n<pre class=\"wp-block-verse\"> Soudain\n Le vol s\u2019arr\u00eata\n Quelques secondes \u00e0 peine.\n Que le c\u0153ur dans son battement, \n La respiration retienne.\n \u00a0\n En m\u00eame temps\n La pens\u00e9e se stoppa\n Du monde d\u00e9tach\u00e9e,\n Dans le miroir, un reflet\n La rattrapa\u00a0 \n Leurs corps entrelac\u00e9s.\n \u00a0\n L\u2019image resta fig\u00e9e\n L\u2019impossible et le possible\n Encore rencontr\u00e9s.  \n\nMabel<\/pre>\n\n\n\n<div class=\"wp-block-group\"><div class=\"wp-block-group__inner-container\">\n<div class=\"wp-block-buttons\">\n<div class=\"wp-block-button\"><a class=\"wp-block-button__link\" href=\"http:\/\/entremotsetdessins.art\/?page_id=198\">&lt; Pr\u00e9c\u00e9dent<\/a><\/div>\n\n\n\n<div class=\"wp-block-button\"><a class=\"wp-block-button__link\" href=\"http:\/\/entremotsetdessins.art\/?page_id=36\">Sommaire<\/a><\/div>\n\n\n\n<div class=\"wp-block-button\"><a class=\"wp-block-button__link\" href=\"http:\/\/entremotsetdessins.art\/?page_id=225\">SUIVANT&gt;<\/a><\/div>\n<\/div>\n\n\n\n<p><\/p>\n<\/div><\/div>\n\n\n\n<p><\/p>\n","protected":false},"excerpt":{"rendered":"<p>Lalali lalala lilala et voil\u00e0 Soudain Le vol s\u2019arr\u00eata Quelques secondes \u00e0 peine. Que le c\u0153ur dans son battement, La respiration retienne. \u00a0 En m\u00eame temps La pens\u00e9e se stoppa Du monde d\u00e9tach\u00e9e, Dans le miroir, un reflet La rattrapa\u00a0 Leurs corps entrelac\u00e9s. \u00a0 L\u2019image resta fig\u00e9e L\u2019impossible et le possible Encore rencontr\u00e9s. Mabel<\/p>\n","protected":false},"author":1,"featured_media":0,"parent":36,"menu_order":0,"comment_status":"closed","ping_status":"closed","template":"","meta":[],"_links":{"self":[{"href":"https:\/\/entremotsetdessins.art\/index.php?rest_route=\/wp\/v2\/pages\/221"}],"collection":[{"href":"https:\/\/entremotsetdessins.art\/index.php?rest_route=\/wp\/v2\/pages"}],"about":[{"href":"https:\/\/entremotsetdessins.art\/index.php?rest_route=\/wp\/v2\/types\/page"}],"author":[{"embeddable":true,"href":"https:\/\/entremotsetdessins.art\/index.php?rest_route=\/wp\/v2\/users\/1"}],"replies":[{"embeddable":true,"href":"https:\/\/entremotsetdessins.art\/index.php?rest_route=%2Fwp%2Fv2%2Fcomments&post=221"}],"version-history":[{"count":4,"href":"https:\/\/entremotsetdessins.art\/index.php?rest_route=\/wp\/v2\/pages\/221\/revisions"}],"predecessor-version":[{"id":247,"href":"https:\/\/entremotsetdessins.art\/index.php?rest_route=\/wp\/v2\/pages\/221\/revisions\/247"}],"up":[{"embeddable":true,"href":"https:\/\/entremotsetdessins.art\/index.php?rest_route=\/wp\/v2\/pages\/36"}],"wp:attachment":[{"href":"https:\/\/entremotsetdessins.art\/index.php?rest_route=%2Fwp%2Fv2%2Fmedia&parent=221"}],"curies":[{"name":"wp","href":"https:\/\/api.w.org\/{rel}","templated":true}]}}