{"id":188,"date":"2020-12-12T20:21:20","date_gmt":"2020-12-12T19:21:20","guid":{"rendered":"http:\/\/entremotsetdessins.art\/?page_id=188"},"modified":"2020-12-13T20:17:01","modified_gmt":"2020-12-13T19:17:01","slug":"cruce-de-caminos","status":"publish","type":"page","link":"https:\/\/entremotsetdessins.art\/?page_id=188","title":{"rendered":"Cruce de caminos"},"content":{"rendered":"\n<p class=\"has-subtle-background-color has-text-color\" style=\"font-size:1px\">Lalali lalala <br>lilala et voil\u00e0<\/p>\n\n\n\n<pre class=\"wp-block-verse\">Celebro los cruces y brindo por ellos.\nBrindo por los encuentros,\npor las fronteras, por los bordes,\nall\u00ed pasan cosas m\u00e1s divertidas \n  que en el interior.\nBrindo por los puntos de toque\ny brindo tambi\u00e9n por los toques.\n &nbsp;\nSomos hijos de cruces, de diversidades,\nreencontremos entonces lo diverso,\nno estemos de acuerdo,\nno tratemos de convencernos,\nsimplemente afect\u00e9monos,\nresonemos en nuestra frecuencia\nestimulados por el otro.\n &nbsp;\nTransform\u00e9monos al encontrarnos,\ny dejemos de ser lo que \u00e9ramos,\nsalgamos de lo cotidiano despertando lo propio\ndeteng\u00e1monos un rato en el cruce de camino\nque luego van a abrirse\npara quiz\u00e1s volver a cruzarse,\nquien sabe cu\u00e1ndo, ni d\u00f3nde. &nbsp;\n \nAriel<\/pre>\n\n\n\n<p><strong><code>Croisements<\/code><\/strong><\/p>\n\n\n\n<pre class=\"wp-block-verse\">J\u2019aime les croisements et pour eux je trinque.\nJe trinque pour les trouvailles \nJe trinque pour les fronti\u00e8res et les bords \nCar c\u2019est l\u00e0 que les choses sont amusantes,\nNon \u00e0 l\u2019int\u00e9rieur.&nbsp; \n &nbsp;\nOn se croise et se d\u00e9croise,\nOn avance et on revient \nDans cette agitation cocasse,\nOn est n\u00e9s des croisements. &nbsp;&nbsp;\n &nbsp; \nAllons sans peur vers les diff\u00e9rences\nNe soyons pas d\u2019accord, \nEt surtout n\u2019essayons pas \nDe marcher \u00e0 l\u2019unisson.\nR\u00e9sonnons plut\u00f4t \u00e0 notre fr\u00e9quence \nMarchons \u00e0 notre pas dans l\u2019orchestre.&nbsp; \n &nbsp;\nTransformons-nous dans chaque rencontre \nOublions-nous dans chaque d\u00e9lassement.\nSortons-nous de notre planque\nArr\u00eatons-nous \u00e0 chaque croisement. \n \nMabel<\/pre>\n\n\n\n<div class=\"wp-block-buttons\"><\/div>\n\n\n\n<div class=\"wp-block-group\"><div class=\"wp-block-group__inner-container\">\n<div class=\"wp-block-buttons\">\n<div class=\"wp-block-button\"><a class=\"wp-block-button__link\" href=\"http:\/\/entremotsetdessins.art\/?page_id=168\">&lt; Pr\u00e9c\u00e9dent<\/a><\/div>\n\n\n\n<div class=\"wp-block-button\"><a class=\"wp-block-button__link\" href=\"http:\/\/entremotsetdessins.art\/?page_id=36\">Sommaire<\/a><\/div>\n\n\n\n<div class=\"wp-block-button\"><a class=\"wp-block-button__link\" href=\"http:\/\/entremotsetdessins.art\/?page_id=198\">SUIVANT&gt;<\/a><\/div>\n<\/div>\n<\/div><\/div>\n","protected":false},"excerpt":{"rendered":"<p>Lalali lalala lilala et voil\u00e0 Celebro los cruces y brindo por ellos. Brindo por los encuentros, por las fronteras, por los bordes, all\u00ed pasan cosas m\u00e1s divertidas que en el interior. Brindo por los puntos de toque y brindo tambi\u00e9n por los toques. &nbsp; Somos hijos de cruces, de diversidades, reencontremos entonces lo diverso, no [&hellip;]<\/p>\n","protected":false},"author":1,"featured_media":0,"parent":36,"menu_order":0,"comment_status":"closed","ping_status":"closed","template":"","meta":[],"_links":{"self":[{"href":"https:\/\/entremotsetdessins.art\/index.php?rest_route=\/wp\/v2\/pages\/188"}],"collection":[{"href":"https:\/\/entremotsetdessins.art\/index.php?rest_route=\/wp\/v2\/pages"}],"about":[{"href":"https:\/\/entremotsetdessins.art\/index.php?rest_route=\/wp\/v2\/types\/page"}],"author":[{"embeddable":true,"href":"https:\/\/entremotsetdessins.art\/index.php?rest_route=\/wp\/v2\/users\/1"}],"replies":[{"embeddable":true,"href":"https:\/\/entremotsetdessins.art\/index.php?rest_route=%2Fwp%2Fv2%2Fcomments&post=188"}],"version-history":[{"count":8,"href":"https:\/\/entremotsetdessins.art\/index.php?rest_route=\/wp\/v2\/pages\/188\/revisions"}],"predecessor-version":[{"id":216,"href":"https:\/\/entremotsetdessins.art\/index.php?rest_route=\/wp\/v2\/pages\/188\/revisions\/216"}],"up":[{"embeddable":true,"href":"https:\/\/entremotsetdessins.art\/index.php?rest_route=\/wp\/v2\/pages\/36"}],"wp:attachment":[{"href":"https:\/\/entremotsetdessins.art\/index.php?rest_route=%2Fwp%2Fv2%2Fmedia&parent=188"}],"curies":[{"name":"wp","href":"https:\/\/api.w.org\/{rel}","templated":true}]}}