{"id":168,"date":"2020-12-06T18:15:03","date_gmt":"2020-12-06T17:15:03","guid":{"rendered":"http:\/\/entremotsetdessins.art\/?page_id=168"},"modified":"2020-12-13T20:17:01","modified_gmt":"2020-12-13T19:17:01","slug":"la-mecedora","status":"publish","type":"page","link":"https:\/\/entremotsetdessins.art\/?page_id=168","title":{"rendered":"La mecedora"},"content":{"rendered":"\n<p class=\"has-subtle-background-color has-text-color\" style=\"font-size:1px\">Lalali lalala <br>lilala et voil\u00e0<\/p>\n\n\n\n<pre class=\"wp-block-verse\">Los a\u00f1os pasan\nY vamos aprendiendo\nQue la vida est\u00e1 llena de ires y venires\nDe alegr\u00edas y tristezas\nDe buenos momentos\nY de otros amargos\nPero en ese vaiv\u00e9n\nSe mece nuestra historia\nEn ese ir y venir vamos dejando huella\nAprendemos a amar al ritmo de la mecedora.\n\nTania<\/pre>\n\n\n\n<p><strong><code><strong>La chaise ber\u00e7ante<\/strong><\/code><\/strong><\/p>\n\n\n\n<pre class=\"wp-block-verse\">Les ann\u00e9es passent\nEt on apprend\nQue la vie est remplie de va-et-vient\nDe joie et de tristesses\nDe bon moments\nEt de d\u00e9tresses.\nMais dans ces all\u00e9s et venues incessantes \u00a0\nNotre histoire se berce\nEn laissant notre trace \u00e9vanescente\nEt on apprend \u00e0 aimer\nAu rythme de la chaise ber\u00e7ante.\n\nMabel<\/pre>\n\n\n\n<div class=\"wp-block-buttons\"><\/div>\n\n\n\n<div class=\"wp-block-group\"><div class=\"wp-block-group__inner-container\">\n<div class=\"wp-block-buttons\">\n<div class=\"wp-block-button\"><a class=\"wp-block-button__link\" href=\"http:\/\/entremotsetdessins.art\/?page_id=151\">&lt; Pr\u00e9c\u00e9dent<\/a><\/div>\n\n\n\n<div class=\"wp-block-button\"><a class=\"wp-block-button__link\" href=\"http:\/\/entremotsetdessins.art\/?page_id=36\">Sommaire<\/a><\/div>\n\n\n\n<div class=\"wp-block-button\"><a class=\"wp-block-button__link\" href=\"http:\/\/entremotsetdessins.art\/?page_id=188\">SUIVANT&gt;<\/a><\/div>\n<\/div>\n<\/div><\/div>\n","protected":false},"excerpt":{"rendered":"<p>Lalali lalala lilala et voil\u00e0 Los a\u00f1os pasan Y vamos aprendiendo Que la vida est\u00e1 llena de ires y venires De alegr\u00edas y tristezas De buenos momentos Y de otros amargos Pero en ese vaiv\u00e9n Se mece nuestra historia En ese ir y venir vamos dejando huella Aprendemos a amar al ritmo de la mecedora. [&hellip;]<\/p>\n","protected":false},"author":1,"featured_media":0,"parent":36,"menu_order":0,"comment_status":"closed","ping_status":"closed","template":"","meta":[],"_links":{"self":[{"href":"https:\/\/entremotsetdessins.art\/index.php?rest_route=\/wp\/v2\/pages\/168"}],"collection":[{"href":"https:\/\/entremotsetdessins.art\/index.php?rest_route=\/wp\/v2\/pages"}],"about":[{"href":"https:\/\/entremotsetdessins.art\/index.php?rest_route=\/wp\/v2\/types\/page"}],"author":[{"embeddable":true,"href":"https:\/\/entremotsetdessins.art\/index.php?rest_route=\/wp\/v2\/users\/1"}],"replies":[{"embeddable":true,"href":"https:\/\/entremotsetdessins.art\/index.php?rest_route=%2Fwp%2Fv2%2Fcomments&post=168"}],"version-history":[{"count":9,"href":"https:\/\/entremotsetdessins.art\/index.php?rest_route=\/wp\/v2\/pages\/168\/revisions"}],"predecessor-version":[{"id":197,"href":"https:\/\/entremotsetdessins.art\/index.php?rest_route=\/wp\/v2\/pages\/168\/revisions\/197"}],"up":[{"embeddable":true,"href":"https:\/\/entremotsetdessins.art\/index.php?rest_route=\/wp\/v2\/pages\/36"}],"wp:attachment":[{"href":"https:\/\/entremotsetdessins.art\/index.php?rest_route=%2Fwp%2Fv2%2Fmedia&parent=168"}],"curies":[{"name":"wp","href":"https:\/\/api.w.org\/{rel}","templated":true}]}}