{"id":143,"date":"2020-12-06T17:43:11","date_gmt":"2020-12-06T16:43:11","guid":{"rendered":"http:\/\/entremotsetdessins.art\/?page_id=143"},"modified":"2020-12-13T20:17:47","modified_gmt":"2020-12-13T19:17:47","slug":"reves-dhier","status":"publish","type":"page","link":"https:\/\/entremotsetdessins.art\/?page_id=143","title":{"rendered":"R\u00eaves d\u2019hier"},"content":{"rendered":"\n<p class=\"has-subtle-background-color has-text-color\" style=\"font-size:1px\">Lalali lalala <br>lilala et voil\u00e0<\/p>\n\n\n\n<pre class=\"wp-block-verse\">Lumi\u00e8re de l\u2019ombre\nCri du silence\nPoignard de mots tendres\nTemp\u00eate de sagesse\nTristesse d\u2019un sourire\nEt folie d\u2019ivresse.\n&nbsp;\nJe te vois de ma fen\u00eatre\nVoilier de ma jeunesse\nJe cours t\u2019attraper\nTa voile vient de tomber\nSon tissu d\u00e9chir\u00e9.\n&nbsp;\nOmbre, tristesse\nSilence et sagesse complot\u00e9s\nVoleurs d\u2019\u00e9tincelles\nDe mes r\u00eaves d\u2019hier.\n\nMabel<\/pre>\n\n\n\n<div class=\"wp-block-buttons\"><\/div>\n\n\n\n<div class=\"wp-block-group\"><div class=\"wp-block-group__inner-container\">\n<div class=\"wp-block-buttons\">\n<div class=\"wp-block-button\"><a class=\"wp-block-button__link\" href=\"http:\/\/entremotsetdessins.art\/?page_id=113\">&lt; Pr\u00e9c\u00e9dent<\/a><\/div>\n\n\n\n<div class=\"wp-block-button\"><a class=\"wp-block-button__link\" href=\"http:\/\/entremotsetdessins.art\/?page_id=36\">Sommaire<\/a><\/div>\n\n\n\n<div class=\"wp-block-button\"><a class=\"wp-block-button__link\" href=\"http:\/\/entremotsetdessins.art\/?page_id=151\">SUIVANT&gt;<\/a><\/div>\n<\/div>\n\n\n\n<p><\/p>\n<\/div><\/div>\n\n\n\n<p><\/p>\n","protected":false},"excerpt":{"rendered":"<p>Lalali lalala lilala et voil\u00e0 Lumi\u00e8re de l\u2019ombre Cri du silence Poignard de mots tendres Temp\u00eate de sagesse Tristesse d\u2019un sourire Et folie d\u2019ivresse. &nbsp; Je te vois de ma fen\u00eatre Voilier de ma jeunesse Je cours t\u2019attraper Ta voile vient de tomber Son tissu d\u00e9chir\u00e9. &nbsp; Ombre, tristesse Silence et sagesse complot\u00e9s Voleurs d\u2019\u00e9tincelles [&hellip;]<\/p>\n","protected":false},"author":1,"featured_media":0,"parent":36,"menu_order":0,"comment_status":"closed","ping_status":"closed","template":"","meta":[],"_links":{"self":[{"href":"https:\/\/entremotsetdessins.art\/index.php?rest_route=\/wp\/v2\/pages\/143"}],"collection":[{"href":"https:\/\/entremotsetdessins.art\/index.php?rest_route=\/wp\/v2\/pages"}],"about":[{"href":"https:\/\/entremotsetdessins.art\/index.php?rest_route=\/wp\/v2\/types\/page"}],"author":[{"embeddable":true,"href":"https:\/\/entremotsetdessins.art\/index.php?rest_route=\/wp\/v2\/users\/1"}],"replies":[{"embeddable":true,"href":"https:\/\/entremotsetdessins.art\/index.php?rest_route=%2Fwp%2Fv2%2Fcomments&post=143"}],"version-history":[{"count":4,"href":"https:\/\/entremotsetdessins.art\/index.php?rest_route=\/wp\/v2\/pages\/143\/revisions"}],"predecessor-version":[{"id":158,"href":"https:\/\/entremotsetdessins.art\/index.php?rest_route=\/wp\/v2\/pages\/143\/revisions\/158"}],"up":[{"embeddable":true,"href":"https:\/\/entremotsetdessins.art\/index.php?rest_route=\/wp\/v2\/pages\/36"}],"wp:attachment":[{"href":"https:\/\/entremotsetdessins.art\/index.php?rest_route=%2Fwp%2Fv2%2Fmedia&parent=143"}],"curies":[{"name":"wp","href":"https:\/\/api.w.org\/{rel}","templated":true}]}}