{"id":117,"date":"2020-12-05T18:21:58","date_gmt":"2020-12-05T17:21:58","guid":{"rendered":"http:\/\/entremotsetdessins.art\/?page_id=117"},"modified":"2020-12-13T20:17:01","modified_gmt":"2020-12-13T19:17:01","slug":"elle-est-la","status":"publish","type":"page","link":"https:\/\/entremotsetdessins.art\/?page_id=117","title":{"rendered":"Elle est l\u00e0"},"content":{"rendered":"\n<pre class=\"wp-block-verse\">Elle \u00e9tait l\u00e0, toujours bien assise\nAu bord du long chemin\nSes grands yeux souriants,\nPerdus, \u00e0 la d\u00e9rive.\n&nbsp;\nElle \u00e9tait l\u00e0, toujours bien coiff\u00e9e\nAttendant attentive\nSon regard plus loin\nSon c\u0153ur si pr\u00e9sent.\n&nbsp;\nElle \u00e9tait encore l\u00e0,\nToujours si patiente\nToujours si croyante\nDans le destin.\n&nbsp;\nElle \u00e9tait l\u00e0, radieuse\nCourageuse\nLibre,\nLa joie de vivre.\n\nMabel<\/pre>\n\n\n\n<p id=\"block-97b5b50f-d708-4bbf-b656-1c620e3cf0ca\"><strong><code>All\u00ed est\u00e1<\/code><\/strong><\/p>\n\n\n\n<pre class=\"wp-block-verse\">All\u00ed estaba\nComo siempre\nSentada al borde del camino\nCon los ojos sonrientes\nPerdidos a la deriva&nbsp;\n&nbsp;\nAll\u00ed estaba\nPeinada y esperando\nSu mirada al horizonte\nSu coraz\u00f3n rebozando\n&nbsp;\nAll\u00ed estaba aun\nSiempre paciente\nSiempre creyendo\nEn el destino.\n&nbsp;\nAll\u00ed estaba, radiante,\nCon energ\u00eda,\nLibre,\nLa Alegr\u00eda.\n\nTania<\/pre>\n\n\n\n<div class=\"wp-block-group\"><div class=\"wp-block-group__inner-container\">\n<div class=\"wp-block-buttons\">\n<div class=\"wp-block-button\"><a class=\"wp-block-button__link\" href=\"http:\/\/entremotsetdessins.art\/?page_id=36\">Sommaire<\/a><\/div>\n\n\n\n<div class=\"wp-block-button\"><a class=\"wp-block-button__link\" href=\"http:\/\/entremotsetdessins.art\/?page_id=113\">SUIVANT&gt;<\/a><\/div>\n<\/div>\n<\/div><\/div>\n","protected":false},"excerpt":{"rendered":"<p>Elle \u00e9tait l\u00e0, toujours bien assise Au bord du long chemin Ses grands yeux souriants, Perdus, \u00e0 la d\u00e9rive. &nbsp; Elle \u00e9tait l\u00e0, toujours bien coiff\u00e9e Attendant attentive Son regard plus loin Son c\u0153ur si pr\u00e9sent. &nbsp; Elle \u00e9tait encore l\u00e0, Toujours si patiente Toujours si croyante Dans le destin. &nbsp; Elle \u00e9tait l\u00e0, radieuse [&hellip;]<\/p>\n","protected":false},"author":1,"featured_media":0,"parent":36,"menu_order":0,"comment_status":"closed","ping_status":"closed","template":"","meta":[],"_links":{"self":[{"href":"https:\/\/entremotsetdessins.art\/index.php?rest_route=\/wp\/v2\/pages\/117"}],"collection":[{"href":"https:\/\/entremotsetdessins.art\/index.php?rest_route=\/wp\/v2\/pages"}],"about":[{"href":"https:\/\/entremotsetdessins.art\/index.php?rest_route=\/wp\/v2\/types\/page"}],"author":[{"embeddable":true,"href":"https:\/\/entremotsetdessins.art\/index.php?rest_route=\/wp\/v2\/users\/1"}],"replies":[{"embeddable":true,"href":"https:\/\/entremotsetdessins.art\/index.php?rest_route=%2Fwp%2Fv2%2Fcomments&post=117"}],"version-history":[{"count":7,"href":"https:\/\/entremotsetdessins.art\/index.php?rest_route=\/wp\/v2\/pages\/117\/revisions"}],"predecessor-version":[{"id":154,"href":"https:\/\/entremotsetdessins.art\/index.php?rest_route=\/wp\/v2\/pages\/117\/revisions\/154"}],"up":[{"embeddable":true,"href":"https:\/\/entremotsetdessins.art\/index.php?rest_route=\/wp\/v2\/pages\/36"}],"wp:attachment":[{"href":"https:\/\/entremotsetdessins.art\/index.php?rest_route=%2Fwp%2Fv2%2Fmedia&parent=117"}],"curies":[{"name":"wp","href":"https:\/\/api.w.org\/{rel}","templated":true}]}}