{"id":113,"date":"2020-12-05T18:22:54","date_gmt":"2020-12-05T17:22:54","guid":{"rendered":"http:\/\/entremotsetdessins.art\/?page_id=113"},"modified":"2020-12-13T20:17:01","modified_gmt":"2020-12-13T19:17:01","slug":"poeme-2","status":"publish","type":"page","link":"https:\/\/entremotsetdessins.art\/?page_id=113","title":{"rendered":"La goutte"},"content":{"rendered":"\n<p class=\"has-subtle-background-color has-text-color\" style=\"font-size:1px\">Lalali lalala <br>lilala et voil\u00e0<\/p>\n\n\n\n<pre class=\"wp-block-verse\">La petite goutte glisse,\nS\u2019\u00e9tire, se d\u00e9forme\nEn perle se d\u00e9guise\nEt tombe,\n&nbsp;\nDessinant des ondes.\nQui s\u2019\u00e9loignent sur les flots,\nEt se d\u00e9sint\u00e8grent\nEn cristaux.\n&nbsp;\nQui montent au ciel \u00e9vapor\u00e9s.\nUn air froid les rencontre\nEn gouttes\nLes transforment,\n&nbsp;\nEt elles tombent.\n\nMabel\n<\/pre>\n\n\n\n<p><strong><code>La Gota<\/code><\/strong><\/p>\n\n\n\n<pre class=\"wp-block-verse\">La gota resbala\nse estira y se deforma\nde perla se disfraza\ny cae,\n&nbsp;\ndibujando ondas\nque se alejan\ny se desintegran\nen cristales\n&nbsp;\nque suben al cielo, evaporados,\nun aire frio los encuentra\ny en gotas los transforman\n&nbsp;\ny caen...\n\nTania<\/pre>\n\n\n\n<div class=\"wp-block-buttons\"><\/div>\n\n\n\n<div class=\"wp-block-group\"><div class=\"wp-block-group__inner-container\">\n<div class=\"wp-block-buttons\">\n<div class=\"wp-block-button\"><a class=\"wp-block-button__link\" href=\"http:\/\/entremotsetdessins.art\/?page_id=117\">&lt; Pr\u00e9c\u00e9dent<\/a><\/div>\n\n\n\n<div class=\"wp-block-button\"><a class=\"wp-block-button__link\" href=\"http:\/\/entremotsetdessins.art\/?page_id=36\">Sommaire<\/a><\/div>\n\n\n\n<div class=\"wp-block-button\"><a class=\"wp-block-button__link\" href=\"http:\/\/entremotsetdessins.art\/?page_id=143\">SUIVANT&gt;<\/a><\/div>\n<\/div>\n<\/div><\/div>\n","protected":false},"excerpt":{"rendered":"<p>Lalali lalala lilala et voil\u00e0 La petite goutte glisse, S\u2019\u00e9tire, se d\u00e9forme En perle se d\u00e9guise Et tombe, &nbsp; Dessinant des ondes. Qui s\u2019\u00e9loignent sur les flots, Et se d\u00e9sint\u00e8grent En cristaux. &nbsp; Qui montent au ciel \u00e9vapor\u00e9s. Un air froid les rencontre En gouttes Les transforment, &nbsp; Et elles tombent. Mabel La Gota La [&hellip;]<\/p>\n","protected":false},"author":1,"featured_media":0,"parent":36,"menu_order":0,"comment_status":"closed","ping_status":"closed","template":"","meta":[],"_links":{"self":[{"href":"https:\/\/entremotsetdessins.art\/index.php?rest_route=\/wp\/v2\/pages\/113"}],"collection":[{"href":"https:\/\/entremotsetdessins.art\/index.php?rest_route=\/wp\/v2\/pages"}],"about":[{"href":"https:\/\/entremotsetdessins.art\/index.php?rest_route=\/wp\/v2\/types\/page"}],"author":[{"embeddable":true,"href":"https:\/\/entremotsetdessins.art\/index.php?rest_route=\/wp\/v2\/users\/1"}],"replies":[{"embeddable":true,"href":"https:\/\/entremotsetdessins.art\/index.php?rest_route=%2Fwp%2Fv2%2Fcomments&post=113"}],"version-history":[{"count":13,"href":"https:\/\/entremotsetdessins.art\/index.php?rest_route=\/wp\/v2\/pages\/113\/revisions"}],"predecessor-version":[{"id":167,"href":"https:\/\/entremotsetdessins.art\/index.php?rest_route=\/wp\/v2\/pages\/113\/revisions\/167"}],"up":[{"embeddable":true,"href":"https:\/\/entremotsetdessins.art\/index.php?rest_route=\/wp\/v2\/pages\/36"}],"wp:attachment":[{"href":"https:\/\/entremotsetdessins.art\/index.php?rest_route=%2Fwp%2Fv2%2Fmedia&parent=113"}],"curies":[{"name":"wp","href":"https:\/\/api.w.org\/{rel}","templated":true}]}}