{"id":103,"date":"2020-11-30T22:12:33","date_gmt":"2020-11-30T21:12:33","guid":{"rendered":"http:\/\/entremotsetdessins.art\/?page_id=103"},"modified":"2020-12-13T20:23:47","modified_gmt":"2020-12-13T19:23:47","slug":"poemas","status":"publish","type":"page","link":"https:\/\/entremotsetdessins.art\/?page_id=103&lang=es","title":{"rendered":"Poemas"},"content":{"rendered":"\n<ul><li><a href=\"http:\/\/entremotsetdessins.art\/?page_id=117\" data-type=\"page\" data-id=\"117\">Elle est l\u00e0 \/ All\u00ed est\u00e1<\/a><a href=\"http:\/\/entremotsetdessins.art\/?page_id=117\"> <\/a>(Franc\u00e9s y Castellano)<\/li><li><a href=\"http:\/\/entremotsetdessins.art\/?page_id=113\">La goutte \/ La gota<\/a> (Franc\u00e9s y Castellano)<\/li><li><a href=\"http:\/\/entremotsetdessins.art\/?page_id=143\" data-type=\"page\" data-id=\"143\">R\u00eaves d\u2019hier<\/a> (Franc\u00e9s)<\/li><li><a href=\"http:\/\/entremotsetdessins.art\/?page_id=151\" data-type=\"page\" data-id=\"151\">Les \u00e9toiles et les ast\u00e9ro\u00efdes<\/a> (Franc\u00e9s) <\/li><li><a href=\"http:\/\/entremotsetdessins.art\/?page_id=168\" data-type=\"page\" data-id=\"168\">La mecedora \/ La chaise ber\u00e7ante<\/a> (Castellano y Franc\u00e9s) <\/li><li><a href=\"http:\/\/entremotsetdessins.art\/?page_id=188\" data-type=\"page\" data-id=\"188\">Cruce de caminos \/ Croisements<\/a> (Castellano y Franc\u00e9s) <\/li><li><a href=\"http:\/\/entremotsetdessins.art\/?page_id=198\" data-type=\"page\" data-id=\"198\">Le sentier du demain \/ El camino del ma\u00f1ana<\/a> (Franc\u00e9s y Castellano)<\/li><li><a href=\"http:\/\/entremotsetdessins.art\/?page_id=221\" data-type=\"page\" data-id=\"221\">Le vol de la mouette<\/a> (Franc\u00e9s)<\/li><li><a href=\"http:\/\/entremotsetdessins.art\/?page_id=225\" data-type=\"page\" data-id=\"225\">L&#8217;enfant<\/a> (Franc\u00e9s)<\/li><li><a href=\"http:\/\/entremotsetdessins.art\/?page_id=232\" data-type=\"page\" data-id=\"232\">L&#8217;\u00e9trang\u00e8re<\/a> (Franc\u00e9s)<\/li><li><a href=\"http:\/\/entremotsetdessins.art\/?page_id=236\" data-type=\"page\" data-id=\"236\">Trafiquant de mots<\/a> (Franc\u00e9s)<\/li><\/ul>\n","protected":false},"excerpt":{"rendered":"<p>Elle est l\u00e0 \/ All\u00ed est\u00e1 (Franc\u00e9s y Castellano) La goutte \/ La gota (Franc\u00e9s y Castellano) R\u00eaves d\u2019hier (Franc\u00e9s) Les \u00e9toiles et les ast\u00e9ro\u00efdes (Franc\u00e9s) La mecedora \/ La chaise ber\u00e7ante (Castellano y Franc\u00e9s) Cruce de caminos \/ Croisements (Castellano y Franc\u00e9s) Le sentier du demain \/ El camino del ma\u00f1ana (Franc\u00e9s y Castellano) [&hellip;]<\/p>\n","protected":false},"author":1,"featured_media":0,"parent":0,"menu_order":0,"comment_status":"closed","ping_status":"closed","template":"","meta":[],"_links":{"self":[{"href":"https:\/\/entremotsetdessins.art\/index.php?rest_route=\/wp\/v2\/pages\/103"}],"collection":[{"href":"https:\/\/entremotsetdessins.art\/index.php?rest_route=\/wp\/v2\/pages"}],"about":[{"href":"https:\/\/entremotsetdessins.art\/index.php?rest_route=\/wp\/v2\/types\/page"}],"author":[{"embeddable":true,"href":"https:\/\/entremotsetdessins.art\/index.php?rest_route=\/wp\/v2\/users\/1"}],"replies":[{"embeddable":true,"href":"https:\/\/entremotsetdessins.art\/index.php?rest_route=%2Fwp%2Fv2%2Fcomments&post=103"}],"version-history":[{"count":14,"href":"https:\/\/entremotsetdessins.art\/index.php?rest_route=\/wp\/v2\/pages\/103\/revisions"}],"predecessor-version":[{"id":253,"href":"https:\/\/entremotsetdessins.art\/index.php?rest_route=\/wp\/v2\/pages\/103\/revisions\/253"}],"wp:attachment":[{"href":"https:\/\/entremotsetdessins.art\/index.php?rest_route=%2Fwp%2Fv2%2Fmedia&parent=103"}],"curies":[{"name":"wp","href":"https:\/\/api.w.org\/{rel}","templated":true}]}}